{"id":31,"date":"2024-05-04T16:22:28","date_gmt":"2024-05-04T16:22:28","guid":{"rendered":"https:\/\/demo.sandamedia.net\/sotech\/?page_id=31"},"modified":"2024-05-04T16:22:28","modified_gmt":"2024-05-04T16:22:28","slug":"faqs","status":"publish","type":"page","link":"https:\/\/uniteambuilder.com\/sp\/faqs\/","title":{"rendered":"Preguntas frecuentes"},"content":{"rendered":"<div data-elementor-type=\"wp-page\" data-elementor-id=\"31\" class=\"elementor elementor-31\">\n\t\t\t\t        <section class=\"elementor-section elementor-top-section elementor-element elementor-element-4f3f786 elementor-section-boxed elementor-section-height-default elementor-section-height-default pxl-type-header-none pxl-row-scroll-none\" data-id=\"4f3f786\" data-element_type=\"section\" data-e-type=\"section\">\n\n        <div class=\"pxl-section-bg-parallax\" data-parallax=\"{&quot;y&quot;:50}\"><\/div>                    <div class=\"elementor-background-overlay\"><\/div>\n            \n                <div class=\"elementor-container elementor-column-gap-default\">\n                <div class=\"elementor-column elementor-col-100 elementor-top-column elementor-element elementor-element-b25c07e pxl-column-element-default pxl-column-none pxl-column-overflow-hidden-no\" data-id=\"b25c07e\" data-element_type=\"column\" data-e-type=\"column\">\r\n                    <div class=\"elementor-widget-wrap elementor-element-populated\">\r\n        \t\t<div class=\"elementor-element elementor-element-92ecebd elementor-widget elementor-widget-pxl_heading\" data-id=\"92ecebd\" data-element_type=\"widget\" data-e-type=\"widget\" data-widget_type=\"pxl_heading.default\">\n\t\t\t\t<div class=\"elementor-widget-container\">\n\t\t\t\t\t<div id=\"pxl-pxl_heading-92ecebd-1368\" class=\"pxl-heading px-sub-title-default-style\">\n\t<div class=\"pxl-heading--inner\">\n\t\t\n\t\t\n\t\t<h3 class=\"pxl-item--title\" data-wow-delay=\"ms\">\n\t\t\t\t\t\t\tPreguntas frecuentes\t\t\n\t\t\t\t\n\t\t<\/h3>\n\n\t\t\n\t\t\n\t\t\t\t\t\t\t\t\t<\/div>\n\t<\/div>\t\t\t\t<\/div>\n\t\t\t\t<\/div>\n\t\t\t\t<div class=\"elementor-element elementor-element-d35fc4e elementor-widget elementor-widget-pxl_breadcrumb\" data-id=\"d35fc4e\" data-element_type=\"widget\" data-e-type=\"widget\" data-widget_type=\"pxl_breadcrumb.default\">\n\t\t\t\t<div class=\"elementor-widget-container\">\n\t\t\t\t\t<div class=\"wrapper-breadcrumb\">\r\n\t<ul class=\"pxl-breadcrumb\"><li><span class=\"breadcrumb-entry\">Inicio<\/span><\/li><\/ul><\/div>\t\t\t\t<\/div>\n\t\t\t\t<\/div>\n\t\t            <\/div>\r\n        <\/div>\r\n        \t\t\t<\/div>\n\t\t<\/section>\n\t\t        <section class=\"elementor-section elementor-top-section elementor-element elementor-element-7429101 elementor-section-boxed elementor-section-height-default elementor-section-height-default pxl-type-header-none pxl-row-scroll-none\" data-id=\"7429101\" data-element_type=\"section\" data-e-type=\"section\" data-settings=\"{&quot;background_background&quot;:&quot;classic&quot;}\">\n\n                \n                <div class=\"elementor-container elementor-column-gap-extended\">\n                <div class=\"elementor-column elementor-col-50 elementor-top-column elementor-element elementor-element-ed103e6 pxl-column-element-default pxl-column-none pxl-column-overflow-hidden-no\" data-id=\"ed103e6\" data-element_type=\"column\" data-e-type=\"column\">\r\n                    <div class=\"elementor-widget-wrap elementor-element-populated\">\r\n        \t\t<div class=\"elementor-element elementor-element-8e88c0b elementor-widget elementor-widget-pxl_accordion\" data-id=\"8e88c0b\" data-element_type=\"widget\" data-e-type=\"widget\" data-widget_type=\"pxl_accordion.default\">\n\t\t\t\t<div class=\"elementor-widget-container\">\n\t\t\t\t\t    <div class=\"pxl-accordion pxl-accordion2\" data-wow-delay=\"ms\">\r\n                    <div class=\"pxl--item\">\r\n                <h3 class=\"pxl-item--title\" data-target=\"#pxl_accordion-8e88c0b-1673-6468d3e\">\r\n                    <span class=\"pxl-title--text\"><cite>01<\/cite> \u00bfEst\u00e1 mi tecnolog\u00eda permitida en la tecnolog\u00eda?<\/span>\r\n                    <i class=\"sandaicon-angle-arrow-right\"><\/i>\r\n                <\/h3>\r\n                <div id=\"pxl_accordion-8e88c0b-1673-6468d3e\" class=\"pxl-item--content\" ><p>El tiempo que tardar\u00e1n en mejorar los rankings de tu sitio web en los motores de b\u00fasqueda depende de varios factores.<\/p><\/div>\r\n            <\/div>\r\n                    <div class=\"pxl--item active\">\r\n                <h3 class=\"pxl-item--title\" data-target=\"#pxl_accordion-8e88c0b-1673-70b346f\">\r\n                    <span class=\"pxl-title--text\"><cite>02<\/cite> C\u00f3mo lanzar tu negocio de forma discreta<\/span>\r\n                    <i class=\"sandaicon-angle-arrow-right\"><\/i>\r\n                <\/h3>\r\n                <div id=\"pxl_accordion-8e88c0b-1673-70b346f\" class=\"pxl-item--content\" style=\"display: block;\"><p>El tiempo que tardar\u00e1n en mejorar los rankings de tu sitio web en los motores de b\u00fasqueda depende de varios factores.<\/p><\/div>\r\n            <\/div>\r\n                    <div class=\"pxl--item\">\r\n                <h3 class=\"pxl-item--title\" data-target=\"#pxl_accordion-8e88c0b-1673-a2e409e\">\r\n                    <span class=\"pxl-title--text\"><cite>03<\/cite>C\u00f3mo convertir visitantes en colaboradores<\/span>\r\n                    <i class=\"sandaicon-angle-arrow-right\"><\/i>\r\n                <\/h3>\r\n                <div id=\"pxl_accordion-8e88c0b-1673-a2e409e\" class=\"pxl-item--content\" ><p>El tiempo que tardar\u00e1n en mejorar los rankings de tu sitio web en los motores de b\u00fasqueda depende de varios factores.<\/p><\/div>\r\n            <\/div>\r\n                    <div class=\"pxl--item\">\r\n                <h3 class=\"pxl-item--title\" data-target=\"#pxl_accordion-8e88c0b-1673-afc597b\">\r\n                    <span class=\"pxl-title--text\"><cite>04<\/cite> \u00bfC\u00f3mo puedo encontrar mis soluciones?<\/span>\r\n                    <i class=\"sandaicon-angle-arrow-right\"><\/i>\r\n                <\/h3>\r\n                <div id=\"pxl_accordion-8e88c0b-1673-afc597b\" class=\"pxl-item--content\" ><p>El tiempo que tardar\u00e1n en mejorar los rankings de tu sitio web en los motores de b\u00fasqueda depende de varios factores.<\/p><\/div>\r\n            <\/div>\r\n            <\/div>\r\n\t\t\t\t<\/div>\n\t\t\t\t<\/div>\n\t\t            <\/div>\r\n        <\/div>\r\n                <div class=\"elementor-column elementor-col-50 elementor-top-column elementor-element elementor-element-6c80ecf pxl-column-element-default pxl-column-none pxl-column-overflow-hidden-no\" data-id=\"6c80ecf\" data-element_type=\"column\" data-e-type=\"column\">\r\n                    <div class=\"elementor-widget-wrap elementor-element-populated\">\r\n        \t\t<div class=\"elementor-element elementor-element-392ceb2 elementor-widget elementor-widget-pxl_accordion\" data-id=\"392ceb2\" data-element_type=\"widget\" data-e-type=\"widget\" data-widget_type=\"pxl_accordion.default\">\n\t\t\t\t<div class=\"elementor-widget-container\">\n\t\t\t\t\t    <div class=\"pxl-accordion pxl-accordion2\" data-wow-delay=\"ms\">\r\n                    <div class=\"pxl--item\">\r\n                <h3 class=\"pxl-item--title\" data-target=\"#pxl_accordion-392ceb2-3849-6468d3e\">\r\n                    <span class=\"pxl-title--text\"><cite>05<\/cite> \u00bfCu\u00e1nto tiempo tardar\u00e1 antes de que vea mejores clasificaciones?<\/span>\r\n                    <i class=\"sandaicon-angle-arrow-right\"><\/i>\r\n                <\/h3>\r\n                <div id=\"pxl_accordion-392ceb2-3849-6468d3e\" class=\"pxl-item--content\" ><p>El tiempo que tardar\u00e1n en mejorar los rankings de tu sitio web en los motores de b\u00fasqueda depende de varios factores.<\/p><\/div>\r\n            <\/div>\r\n                    <div class=\"pxl--item\">\r\n                <h3 class=\"pxl-item--title\" data-target=\"#pxl_accordion-392ceb2-3849-70b346f\">\r\n                    <span class=\"pxl-title--text\"><cite>06<\/cite>\u00bfCu\u00e1nto duran los resultados de los motores de b\u00fasqueda?<\/span>\r\n                    <i class=\"sandaicon-angle-arrow-right\"><\/i>\r\n                <\/h3>\r\n                <div id=\"pxl_accordion-392ceb2-3849-70b346f\" class=\"pxl-item--content\" ><p>El tiempo que tardar\u00e1n en mejorar los rankings de tu sitio web en los motores de b\u00fasqueda depende de varios factores.<\/p><\/div>\r\n            <\/div>\r\n                    <div class=\"pxl--item active\">\r\n                <h3 class=\"pxl-item--title\" data-target=\"#pxl_accordion-392ceb2-3849-a2e409e\">\r\n                    <span class=\"pxl-title--text\"><cite>07<\/cite> \u00bfPor qu\u00e9 deber\u00eda elegir Springboard SEO?<\/span>\r\n                    <i class=\"sandaicon-angle-arrow-right\"><\/i>\r\n                <\/h3>\r\n                <div id=\"pxl_accordion-392ceb2-3849-a2e409e\" class=\"pxl-item--content\" style=\"display: block;\"><p>El tiempo que tardar\u00e1n en mejorar los rankings de tu sitio web en los motores de b\u00fasqueda depende de varios factores.<\/p><\/div>\r\n            <\/div>\r\n                    <div class=\"pxl--item\">\r\n                <h3 class=\"pxl-item--title\" data-target=\"#pxl_accordion-392ceb2-3849-afc597b\">\r\n                    <span class=\"pxl-title--text\"><cite>08<\/cite> \u00bfCu\u00e1nto cuesta la optimizaci\u00f3n de motores de b\u00fasqueda?<\/span>\r\n                    <i class=\"sandaicon-angle-arrow-right\"><\/i>\r\n                <\/h3>\r\n                <div id=\"pxl_accordion-392ceb2-3849-afc597b\" class=\"pxl-item--content\" ><p>El tiempo que tardar\u00e1n en mejorar los rankings de tu sitio web en los motores de b\u00fasqueda depende de varios factores.<\/p><\/div>\r\n            <\/div>\r\n            <\/div>\r\n\t\t\t\t<\/div>\n\t\t\t\t<\/div>\n\t\t            <\/div>\r\n        <\/div>\r\n        \t\t\t<\/div>\n\t\t<\/section>\n\t\t\t\t<\/div>","protected":false},"excerpt":{"rendered":"<p>Frequently Ask Questions Home 01 Is my technology allowed on tech? The time it will take for your website&#8217;s search engine rankings to begin improving depends on several. 02 How to soft launch your business? The time it will take for your website&#8217;s search engine rankings to begin improving depends on several. 03How to turn [&hellip;]<\/p>\n","protected":false},"author":1,"featured_media":0,"parent":0,"menu_order":0,"comment_status":"closed","ping_status":"closed","template":"","meta":{"footnotes":""},"class_list":["post-31","page","type-page","status-publish","hentry"],"_links":{"self":[{"href":"https:\/\/uniteambuilder.com\/sp\/wp-json\/wp\/v2\/pages\/31","targetHints":{"allow":["GET"]}}],"collection":[{"href":"https:\/\/uniteambuilder.com\/sp\/wp-json\/wp\/v2\/pages"}],"about":[{"href":"https:\/\/uniteambuilder.com\/sp\/wp-json\/wp\/v2\/types\/page"}],"author":[{"embeddable":true,"href":"https:\/\/uniteambuilder.com\/sp\/wp-json\/wp\/v2\/users\/1"}],"replies":[{"embeddable":true,"href":"https:\/\/uniteambuilder.com\/sp\/wp-json\/wp\/v2\/comments?post=31"}],"version-history":[{"count":0,"href":"https:\/\/uniteambuilder.com\/sp\/wp-json\/wp\/v2\/pages\/31\/revisions"}],"wp:attachment":[{"href":"https:\/\/uniteambuilder.com\/sp\/wp-json\/wp\/v2\/media?parent=31"}],"curies":[{"name":"wp","href":"https:\/\/api.w.org\/{rel}","templated":true}]}}