{"id":23367,"date":"2026-03-03T18:06:01","date_gmt":"2026-03-03T18:06:01","guid":{"rendered":"https:\/\/uniteambuilder.com\/?page_id=23367"},"modified":"2026-03-03T18:09:40","modified_gmt":"2026-03-03T18:09:40","slug":"terms","status":"publish","type":"page","link":"https:\/\/uniteambuilder.com\/sp\/terms\/","title":{"rendered":"T\u00e9rminos"},"content":{"rendered":"<h2 class=\"wp-block-heading\">Condiciones generales<\/h2>\n\n\n\n<p>Las Pol\u00edticas y Procedimientos de Uniteambuilder.com contenidas aqu\u00ed fueron establecidas para explicar y definir los derechos y responsabilidades de Uniteambuilder.com y sus Representantes Independientes. Cada Representante Independiente est\u00e1 de acuerdo, sin reservas, con todos los t\u00e9rminos y condiciones aqu\u00ed contenidos y exime a Uniteambuilder.com de toda responsabilidad que pueda resultar de este acuerdo entre el Representante Independiente y Uniteambuilder.com.<\/p>\n\n\n\n<p>Pol\u00edtica de cancelaci\u00f3n y reembolso<\/p>\n\n\n\n<p>Todos los miembros de Uniteambuilder.com deben pagar una cuota \u00fanica de inscripci\u00f3n y una cuota mensual de afiliaci\u00f3n para mantener su afiliaci\u00f3n y tener derechos y acceso a todos los productos, servicios y materiales de formaci\u00f3n. Todos los miembros reconocen que la tarjeta de cr\u00e9dito que tienen en el archivo seguir\u00e1 siendo facturada cada mes hasta y a menos que el miembro cancele su membres\u00eda con Uniteambuilder.com. No existe ning\u00fan compromiso a largo plazo o plazo en el que un miembro deba continuar activo pagando su cuota mensual de miembro.  Los miembros pueden cancelar su suscripci\u00f3n en cualquier momento y por cualquier motivo simplemente iniciando sesi\u00f3n en su cuenta online de Uniteambuilder.com y haciendo clic en el enlace Informaci\u00f3n de usuario y facturaci\u00f3n, donde se les pide que sigan el enlace Cancelar suscripci\u00f3n para cancelar su suscripci\u00f3n o poni\u00e9ndose en contacto con el servicio de atenci\u00f3n al cliente.  Los miembros inactivos no pueden ganar comisiones. Uniteambuilder.com mantiene una pol\u00edtica de reembolso\/cancelaci\u00f3n de 3 d\u00edas.  Usted debe cancelar su membres\u00eda dentro de los 3 d\u00edas de la actualizaci\u00f3n a miembro para ser elegible para un reembolso.  Despu\u00e9s de haber sido miembro durante 3 d\u00edas, no se har\u00e1n reembolsos ni parciales ni totales. La misma pol\u00edtica de 3 d\u00edas se aplica al pago mensual de la suscripci\u00f3n.  Puede cancelar su suscripci\u00f3n en un plazo de 3 d\u00edas a partir del \u00faltimo cargo y obtener el reembolso s\u00f3lo de la cuota de afiliaci\u00f3n de ese mes.  Transcurridos 3 d\u00edas, no se efectuar\u00e1n reembolsos ni parciales ni totales. Los reembolsos s\u00f3lo se conceden si se cumple el requisito de los 3 d\u00edas y si se solicita el reembolso.  Para solicitar un reembolso, debe enviar un correo electr\u00f3nico a support@uniteambuilder.com incluyendo su nombre de usuario o n\u00famero de identificaci\u00f3n de Uniteambuilder.com.<\/p>\n\n\n\n<p>Pol\u00edtica antispam<\/p>\n\n\n\n<p>Con el fin de proteger a nuestros miembros y garantizar el crecimiento y el \u00e9xito a largo plazo de Uniteambuilder.com, Uniteambuilder.com mantiene una pol\u00edtica de tolerancia CERO con respecto al env\u00edo de correo electr\u00f3nico no deseado. El spam se define como correo electr\u00f3nico comercial no solicitado (UCE). En caso de que env\u00ede spam a personas sin su permiso, se arriesga a la cancelaci\u00f3n inmediata de su cuenta y a la p\u00e9rdida de todos los contactos de dicha cuenta. Como miembro de Uniteambuilder.com, usted entiende que Uniteambuilder.com no aprueba ni tolera el env\u00edo de correo electr\u00f3nico no solicitado o spam por parte de sus miembros. Usted entiende y reconoce que: Es ILEGAL falsificar las cabeceras de los correos electr\u00f3nicos y es ILEGAL no incluir un enlace de cancelaci\u00f3n de suscripci\u00f3n v\u00e1lido y funcional junto con una direcci\u00f3n de correo v\u00e1lida en los correos electr\u00f3nicos enviados. Cualquiera que sea sorprendido falsificando cabeceras o no incluyendo un enlace v\u00e1lido y funcional para darse de baja ser\u00e1 inmediata y permanentemente expulsado de Uniteambuilder.com.  Asimismo, Uniteambuilder.com proh\u00edbe a todos sus usuarios incluir el nombre o la direcci\u00f3n del sitio web en los mensajes de correo electr\u00f3nico que env\u00eden. Los miembros est\u00e1n obligados a utilizar un enlace de redirecci\u00f3n cuando dirijan a los clientes potenciales a su p\u00e1gina de destino. Tambi\u00e9n exigimos a todos los miembros que descarguen su lista de direcciones de correo electr\u00f3nico que han generado una queja que se puede encontrar en el enlace Pol\u00edtica de Spam en la secci\u00f3n de miembros del sitio web Uniteambuilder.com y las eliminen permanentemente de su base de datos. Si recibimos una queja de la misma direcci\u00f3n de correo electr\u00f3nico que una queja anterior de un correo electr\u00f3nico que se envi\u00f3 m\u00e1s de una semana despu\u00e9s de que se present\u00f3 la queja original, Uniteambuilder.com tiene el derecho de cancelar su membres\u00eda. Usted es el \u00fanico responsable del correo enviado en su nombre. Uniteambuilder.com cancelar\u00e1 inmediatamente su suscripci\u00f3n y suspender\u00e1 todas las comisiones futuras en caso de que infrinja esta Pol\u00edtica de Spam.   Uniteambuilder.com se reserva el derecho de emprender acciones legales contra cualquier miembro que infrinja esta Pol\u00edtica de Spam.   No tendr\u00e1 derecho a ning\u00fan reembolso si se le da de baja por infringir la Pol\u00edtica de spam de Uniteambuilder.com.<\/p>\n\n\n\n<p>Pol\u00edtica de productos y beneficios<\/p>\n\n\n\n<p>La cuota mensual de afiliaci\u00f3n a Uniteambuilder.com es para pagar el acceso completo a los productos de formaci\u00f3n y al material educativo proporcionado por Uniteambuilder.com y sus formadores.  Todos los miembros activos tambi\u00e9n pueden participar en el programa de compensaci\u00f3n Uniteambuilder.com como se indica en la p\u00e1gina del Plan de Pago del sitio web. Las comisiones se pagan como se indica en la p\u00e1gina del Plan de Pago del sitio web.  Todos los miembros entienden ANTES de pagar su cuota de afiliaci\u00f3n que NO HAY GANANCIAS GARANTIZADAS.  Los miembros entienden que la genealog\u00eda Powerline no es para reflejar ganancias, sino para ser una representaci\u00f3n del crecimiento de la empresa y no significa nada en t\u00e9rminos de comisiones. Los miembros no deben participar en Uniteambuilder.com bajo la expectativa de obtener ingresos sin referir nuevos miembros.  Ni Uniteambuilder.com ni sus miembros pueden garantizar \u201cbeneficios\u201d o ganancias por el mero hecho de convertirse en miembro.  Los miembros de Uniteambuilder.com compran productos de formaci\u00f3n para formarse en los sectores descritos en las p\u00e1ginas de productos y fuentes de ingresos.  Los miembros no deben participar en Uniteambuilder.com si no est\u00e1n planeando utilizar los productos educativos, ni si no est\u00e1n planeando compartir la oportunidad con otros. La mayor\u00eda de los miembros ganan menos dinero cada mes en el programa de compensaci\u00f3n de lo que est\u00e1n pagando para mantener su membres\u00eda en Uniteambuilder.com.  Aunque es posible, los miembros de Uniteambuilder.com NO deben esperar obtener beneficios simplemente por convertirse en miembros, ya que es muy poco probable que eso ocurra. Uniteambuilder.com no puede garantizar que los miembros obtengan beneficios mediante la aplicaci\u00f3n de los materiales de formaci\u00f3n proporcionados.  Los productos son s\u00f3lo para fines educativos. Ning\u00fan miembro debe gastar dinero que no pueda permitirse perder para hacerse miembro y mantener su membres\u00eda en Uniteambuilder.com.  Es posible que NO obtenga ingresos como miembro de Uniteambuilder.com. Todos los miembros que vivan en Estados Unidos est\u00e1n obligados a facilitar su n\u00famero de identificaci\u00f3n fiscal y\/o su n\u00famero de la seguridad social en caso de que sus comisiones superen los $600 durante cualquier a\u00f1o natural.  No hacerlo puede resultar en la retenci\u00f3n de copia de seguridad o la terminaci\u00f3n.<\/p>\n\n\n\n<p>Pol\u00edtica de cumplimiento<\/p>\n\n\n\n<p>Uniteambuilder.com puede cambiar, alterar, a\u00f1adir o quitar condiciones de membres\u00eda, productos, servicios y compensaci\u00f3n en cualquier momento y por cualquier raz\u00f3n.  Uniteambuilder.com se reserva el derecho de dar de baja a un miembro en cualquier momento por violar cualquiera de nuestras pol\u00edticas, independientemente de la culpa. Todas las controversias y reclamaciones relativas a Uniteambuilder.com, el presente Acuerdo, el plan de compensaci\u00f3n Uniteambuilder.com, o sus productos, los derechos y obligaciones de un Representante y Uniteambuilder.com, o cualquier otra reclamaci\u00f3n o causa de acci\u00f3n en relaci\u00f3n con el desempe\u00f1o de un Representante o Uniteambuilder.com en virtud del Acuerdo o las normas y reglamentos, y \/ o la compra de un Representante de los productos ser\u00e1n adjudicados en su totalidad y, finalmente, en el estado de Texas, o en otro lugar que Uniteambuilder.com prescriba. Uniteambuilder.com y sus afiliados, oficiales, directores, empleados, y otros representantes no ser\u00e1n responsables de, y el Representante por la presente libera a los anteriores de y renuncia a cualquier reclamaci\u00f3n por lucro cesante, da\u00f1os incidentales, especiales, consecuentes o ejemplares que puedan surgir de cualquier reclamaci\u00f3n relacionada con el desempe\u00f1o, no desempe\u00f1o, acto u omisi\u00f3n de Uniteambuilder.com con respecto a la relaci\u00f3n comercial u otros asuntos entre el Representante y Uniteambuilder.com ya sea por contrato, agravio o responsabilidad estricta.<\/p>","protected":false},"excerpt":{"rendered":"<p>Terms And Conditions The Policies and Procedures of Uniteambuilder.com contained herein were established to explain and define the rights and responsibilities of Uniteambuilder.com and its Independent Representatives. Each Independent Representative agrees, without reservation, to all the terms and conditions contained herein and holds Uniteambuilder.com free from any and all liability that may result from this [&hellip;]<\/p>\n","protected":false},"author":1,"featured_media":0,"parent":0,"menu_order":0,"comment_status":"closed","ping_status":"closed","template":"","meta":{"footnotes":""},"class_list":["post-23367","page","type-page","status-publish","hentry"],"_links":{"self":[{"href":"https:\/\/uniteambuilder.com\/sp\/wp-json\/wp\/v2\/pages\/23367","targetHints":{"allow":["GET"]}}],"collection":[{"href":"https:\/\/uniteambuilder.com\/sp\/wp-json\/wp\/v2\/pages"}],"about":[{"href":"https:\/\/uniteambuilder.com\/sp\/wp-json\/wp\/v2\/types\/page"}],"author":[{"embeddable":true,"href":"https:\/\/uniteambuilder.com\/sp\/wp-json\/wp\/v2\/users\/1"}],"replies":[{"embeddable":true,"href":"https:\/\/uniteambuilder.com\/sp\/wp-json\/wp\/v2\/comments?post=23367"}],"version-history":[{"count":3,"href":"https:\/\/uniteambuilder.com\/sp\/wp-json\/wp\/v2\/pages\/23367\/revisions"}],"predecessor-version":[{"id":23371,"href":"https:\/\/uniteambuilder.com\/sp\/wp-json\/wp\/v2\/pages\/23367\/revisions\/23371"}],"wp:attachment":[{"href":"https:\/\/uniteambuilder.com\/sp\/wp-json\/wp\/v2\/media?parent=23367"}],"curies":[{"name":"wp","href":"https:\/\/api.w.org\/{rel}","templated":true}]}}