{"id":23376,"date":"2026-03-03T18:22:40","date_gmt":"2026-03-03T18:22:40","guid":{"rendered":"https:\/\/uniteambuilder.com\/?page_id=23376"},"modified":"2026-03-03T18:22:43","modified_gmt":"2026-03-03T18:22:43","slug":"refunds","status":"publish","type":"page","link":"https:\/\/uniteambuilder.com\/mx\/refunds\/","title":{"rendered":"Reembolsos"},"content":{"rendered":"<p>Pol\u00edtica de cancelaci\u00f3n y reembolso<\/p>\n\n\n\n<p>Todos los miembros de Uniteambuiler.com deben pagar una cuota \u00fanica de inscripci\u00f3n y una cuota mensual para mantener su membres\u00eda y tener derechos y acceso a todos los productos, servicios y materiales de capacitaci\u00f3n. Todos los miembros reconocen que la tarjeta de cr\u00e9dito que tienen registrada seguir\u00e1 siendo cobrada cada mes hasta que el miembro cancele su membres\u00eda con Uniteambuiler.com. No existe ning\u00fan compromiso a largo plazo ni plazo en el que un miembro deba seguir activo pagando su cuota mensual. Los miembros pueden cancelar su membres\u00eda en cualquier momento y por cualquier motivo, simplemente iniciando sesi\u00f3n en su cuenta de miembro en l\u00ednea de Uniteambuiler.com y haciendo clic en el enlace \u00abInformaci\u00f3n de usuario y facturaci\u00f3n\u00bb, donde deber\u00e1n seguir el enlace \u00abCancelar membres\u00eda\u00bb para cancelar su membres\u00eda, o poni\u00e9ndose en contacto con el servicio de atenci\u00f3n al cliente. Los miembros inactivos no pueden obtener comisiones. Uniteambuiler.com mantiene una pol\u00edtica de reembolso\/cancelaci\u00f3n de 3 d\u00edas 100%. Debe cancelar su membres\u00eda dentro de los 3 d\u00edas posteriores a la actualizaci\u00f3n a miembro para tener derecho a un reembolso. Despu\u00e9s de haber sido miembro durante 3 d\u00edas, no se otorgar\u00e1n reembolsos parciales ni totales. La misma pol\u00edtica de 3 d\u00edas se aplica al pago mensual de la membres\u00eda. Puede cancelar su suscripci\u00f3n en un plazo de 3 d\u00edas a partir del \u00faltimo cargo y tener derecho a un reembolso solo de la cuota de membres\u00eda de ese mes. Pasados 3 d\u00edas, no se conceder\u00e1n reembolsos parciales ni totales. Solo se conceder\u00e1n reembolsos si se cumple el requisito de elegibilidad de 3 d\u00edas y si se solicita el reembolso. Para solicitar un reembolso, debe enviar un correo electr\u00f3nico a support@Uniteambuiler.com incluyendo su nombre de usuario o n\u00famero de identificaci\u00f3n de Uniteambuiler.com.<\/p>","protected":false},"excerpt":{"rendered":"<p>Cancellation and Refund Policy All Uniteambuiler.com members must pay a one time sign up fee and a monthly membership fee to maintain their membership and have rights and access to all products, services, and training materials. All members recognize that the credit card they have on file will continue to be billed every month until [&hellip;]<\/p>\n","protected":false},"author":1,"featured_media":0,"parent":0,"menu_order":0,"comment_status":"closed","ping_status":"closed","template":"","meta":{"footnotes":""},"class_list":["post-23376","page","type-page","status-publish","hentry"],"_links":{"self":[{"href":"https:\/\/uniteambuilder.com\/mx\/wp-json\/wp\/v2\/pages\/23376","targetHints":{"allow":["GET"]}}],"collection":[{"href":"https:\/\/uniteambuilder.com\/mx\/wp-json\/wp\/v2\/pages"}],"about":[{"href":"https:\/\/uniteambuilder.com\/mx\/wp-json\/wp\/v2\/types\/page"}],"author":[{"embeddable":true,"href":"https:\/\/uniteambuilder.com\/mx\/wp-json\/wp\/v2\/users\/1"}],"replies":[{"embeddable":true,"href":"https:\/\/uniteambuilder.com\/mx\/wp-json\/wp\/v2\/comments?post=23376"}],"version-history":[{"count":1,"href":"https:\/\/uniteambuilder.com\/mx\/wp-json\/wp\/v2\/pages\/23376\/revisions"}],"predecessor-version":[{"id":23377,"href":"https:\/\/uniteambuilder.com\/mx\/wp-json\/wp\/v2\/pages\/23376\/revisions\/23377"}],"wp:attachment":[{"href":"https:\/\/uniteambuilder.com\/mx\/wp-json\/wp\/v2\/media?parent=23376"}],"curies":[{"name":"wp","href":"https:\/\/api.w.org\/{rel}","templated":true}]}}