{"id":23372,"date":"2026-03-03T18:13:07","date_gmt":"2026-03-03T18:13:07","guid":{"rendered":"https:\/\/uniteambuilder.com\/?page_id=23372"},"modified":"2026-03-03T18:13:09","modified_gmt":"2026-03-03T18:13:09","slug":"privacy","status":"publish","type":"page","link":"https:\/\/uniteambuilder.com\/mx\/privacy\/","title":{"rendered":"Privacidad"},"content":{"rendered":"<p>Pol\u00edtica de privacidad y exenci\u00f3n de responsabilidad sobre ganancias<\/p>\n\n\n\n<p>Esta Pol\u00edtica de Privacidad describe nuestras pol\u00edticas y procedimientos sobre la recopilaci\u00f3n, el uso y la divulgaci\u00f3n de su informaci\u00f3n cuando utiliza el Servicio y le informa sobre sus derechos de privacidad y c\u00f3mo le protege la ley.<\/p>\n\n\n\n<p>Utilizamos sus datos personales para proporcionar y mejorar el Servicio. Al utilizar el Servicio, usted acepta la recopilaci\u00f3n y el uso de informaci\u00f3n de acuerdo con esta Pol\u00edtica de Privacidad.<\/p>\n\n\n\n<p>Interpretaci\u00f3n y definiciones<\/p>\n\n\n\n<p>Interpretaci\u00f3n<\/p>\n\n\n\n<p>Las palabras cuya inicial est\u00e1 en may\u00fascula tienen significados definidos en las siguientes condiciones. Las siguientes definiciones tendr\u00e1n el mismo significado independientemente de si aparecen en singular o en plural.<\/p>\n\n\n\n<p>Definiciones<\/p>\n\n\n\n<p>A los efectos de la presente Pol\u00edtica de Privacidad:<\/p>\n\n\n\n<p>Cuenta significa una cuenta \u00fanica creada para que usted pueda acceder a nuestro Servicio o a partes de nuestro Servicio.<\/p>\n\n\n\n<p>Afiliado significa una entidad que controla, est\u00e1 controlada por o est\u00e1 bajo control com\u00fan con una parte, donde \u201ccontrol\u201d significa la propiedad del 50% o m\u00e1s de las acciones, participaciones o otros valores con derecho a voto para la elecci\u00f3n de directores u otra autoridad administrativa.<\/p>\n\n\n\n<p>La empresa (denominada \u201cla Empresa\u201d, \u201cNosotros\u201d, \u201cNos\u201d o \u201cNuestro\u201d en el presente Acuerdo) se refiere a Uniteambuilder.com, 9811 W Charleston Blvd Ste 2866.<\/p>\n\n\n\n<p>Las cookies son peque\u00f1os archivos que un sitio web coloca en su computadora, dispositivo m\u00f3vil o cualquier otro dispositivo y que, entre otras muchas cosas, contienen los detalles de su historial de navegaci\u00f3n en ese sitio web.<\/p>\n\n\n\n<p>Pa\u00eds se refiere a: Nevada, Estados Unidos<\/p>\n\n\n\n<p>Dispositivo significa cualquier dispositivo que pueda acceder al Servicio, como una computadora, un celular o una tableta digital.<\/p>\n\n\n\n<p>Los datos personales son cualquier informaci\u00f3n relacionada con una persona identificada o identificable.<\/p>\n\n\n\n<p>El servicio se refiere al sitio web.<\/p>\n\n\n\n<p>Proveedor de servicios significa cualquier persona f\u00edsica o jur\u00eddica que procese los datos en nombre de la Empresa. Se refiere a empresas o personas externas contratadas por la Empresa para facilitar el Servicio, prestar el Servicio en nombre de la Empresa, realizar servicios relacionados con el Servicio o ayudar a la Empresa a analizar c\u00f3mo se utiliza el Servicio.<\/p>\n\n\n\n<p>El servicio de redes sociales de terceros se refiere a cualquier sitio web o red social a trav\u00e9s del cual un usuario puede iniciar sesi\u00f3n o crear una cuenta para utilizar el Servicio.<\/p>\n\n\n\n<p>Los datos de uso se refieren a los datos recopilados autom\u00e1ticamente, ya sea generados por el uso del Servicio o por la propia infraestructura del Servicio (por ejemplo, la duraci\u00f3n de una visita a una p\u00e1gina).<\/p>\n\n\n\n<p>El sitio web se refiere a Uniteambuilder.com, accesible desde https:\/\/Uniteambuilder.com.<\/p>\n\n\n\n<p>Usted se refiere a la persona que accede o utiliza el Servicio, o a la empresa u otra entidad legal en nombre de la cual dicha persona accede o utiliza el Servicio, seg\u00fan corresponda.<\/p>\n\n\n\n<p>Recopilaci\u00f3n y uso de sus datos personales<\/p>\n\n\n\n<p>Tipos de datos recopilados<\/p>\n\n\n\n<p>Datos personales<\/p>\n\n\n\n<p>Mientras utiliza nuestro servicio, es posible que le solicitemos que nos proporcione cierta informaci\u00f3n de identificaci\u00f3n personal que pueda utilizarse para contactarlo o identificarlo. La informaci\u00f3n de identificaci\u00f3n personal puede incluir, entre otros datos:<\/p>\n\n\n\n<p>Direcci\u00f3n de correo electr\u00f3nico<\/p>\n\n\n\n<p>Nombre y apellidos<\/p>\n\n\n\n<p>N\u00famero de tel\u00e9fono<\/p>\n\n\n\n<p>Direcci\u00f3n, estado, provincia, c\u00f3digo postal, ciudad<\/p>\n\n\n\n<p>Datos de uso<\/p>\n\n\n\n<p>Datos de uso<\/p>\n\n\n\n<p>Los datos de uso se recopilan autom\u00e1ticamente al utilizar el Servicio.<\/p>\n\n\n\n<p>Los datos de uso pueden incluir informaci\u00f3n como la direcci\u00f3n del Protocolo de Internet de su dispositivo (por ejemplo, la direcci\u00f3n IP), el tipo de navegador, la versi\u00f3n del navegador, las p\u00e1ginas de nuestro Servicio que visita, la hora y la fecha de su visita, el tiempo que pasa en esas p\u00e1ginas, los identificadores \u00fanicos del dispositivo y otros datos de diagn\u00f3stico.<\/p>\n\n\n\n<p>Cuando accede al Servicio mediante un dispositivo m\u00f3vil, podemos recopilar cierta informaci\u00f3n autom\u00e1ticamente, incluyendo, entre otros datos, el tipo de dispositivo m\u00f3vil que utiliza, el ID \u00fanico de su dispositivo m\u00f3vil, la direcci\u00f3n IP de su dispositivo m\u00f3vil, su sistema operativo m\u00f3vil, el tipo de navegador de Internet m\u00f3vil que utiliza, los identificadores \u00fanicos del dispositivo y otros datos de diagn\u00f3stico.<\/p>\n\n\n\n<p>Tambi\u00e9n podemos recopilar informaci\u00f3n que su navegador env\u00eda cada vez que visita nuestro Servicio o cuando accede al Servicio mediante o a trav\u00e9s de un dispositivo m\u00f3vil.<\/p>\n\n\n\n<p>Informaci\u00f3n de servicios de redes sociales de terceros<\/p>\n\n\n\n<p>La Empresa le permite crear una cuenta e iniciar sesi\u00f3n para utilizar el Servicio a trav\u00e9s de los siguientes Servicios de redes sociales de terceros: Google, Facebook, Twitter, LinkedIn.<\/p>\n\n\n\n<p>Si decide registrarse a trav\u00e9s de un servicio de redes sociales de terceros o concedernos acceso al mismo, podremos recopilar datos personales que ya est\u00e9n asociados a su cuenta en dicho servicio, como su nombre, su direcci\u00f3n de correo electr\u00f3nico, sus actividades o su lista de contactos asociada a dicha cuenta.<\/p>\n\n\n\n<p>Tambi\u00e9n puede tener la opci\u00f3n de compartir informaci\u00f3n adicional con la Empresa a trav\u00e9s de su cuenta de un servicio de redes sociales de terceros. Si decide proporcionar dicha informaci\u00f3n y datos personales, durante el registro o en cualquier otro momento, est\u00e1 dando permiso a la Empresa para utilizarlos, compartirlos y almacenarlos de manera coherente con esta Pol\u00edtica de privacidad.<\/p>\n\n\n\n<p>Tecnolog\u00edas de seguimiento y cookies<\/p>\n\n\n\n<p>Utilizamos cookies y tecnolog\u00edas de seguimiento similares para rastrear la actividad en nuestro Servicio y almacenar cierta informaci\u00f3n. Las tecnolog\u00edas de seguimiento utilizadas son balizas, etiquetas y scripts para recopilar y rastrear informaci\u00f3n y para mejorar y analizar nuestro Servicio. Las tecnolog\u00edas que utilizamos pueden incluir:<\/p>\n\n\n\n<p>Cookies o cookies del navegador. Una cookie es un peque\u00f1o archivo que se almacena en su dispositivo. Puede configurar su navegador para que rechace todas las cookies o para que le avise cuando se env\u00eda una cookie. Sin embargo, si no acepta las cookies, es posible que no pueda utilizar algunas partes de nuestro Servicio. A menos que haya ajustado la configuraci\u00f3n de su navegador para que rechace las cookies, nuestro Servicio puede utilizar cookies.<\/p>\n\n\n\n<p>Balizas web. Ciertas secciones de nuestro Servicio y nuestros correos electr\u00f3nicos pueden contener peque\u00f1os archivos electr\u00f3nicos conocidos como balizas web (tambi\u00e9n denominados gifs transparentes, etiquetas de p\u00edxeles y gifs de un solo p\u00edxel) que permiten a la Empresa, por ejemplo, contar los usuarios que han visitado esas p\u00e1ginas o abierto un correo electr\u00f3nico y obtener otras estad\u00edsticas relacionadas con el sitio web (por ejemplo, registrar la popularidad de una determinada secci\u00f3n y verificar la integridad del sistema y del servidor).<\/p>\n\n\n\n<p>Las cookies pueden ser \u201cpersistentes\u201d o \u201cde sesi\u00f3n\u201d. Las cookies persistentes permanecen en su computadora personal o dispositivo m\u00f3vil cuando se desconecta, mientras que las cookies de sesi\u00f3n se eliminan tan pronto como cierra su navegador web. Obtenga m\u00e1s informaci\u00f3n sobre las cookies en el art\u00edculo del sitio web sobre pol\u00edticas de privacidad.<\/p>\n\n\n\n<p>Utilizamos cookies de sesi\u00f3n y persistentes para los fines que se indican a continuaci\u00f3n:<\/p>\n\n\n\n<p>Cookies necesarias\/esenciales, tipo: cookies de sesi\u00f3n, administradas por: nosotros.<\/p>\n\n\n\n<p>Finalidad: Estas cookies son esenciales para proporcionarle los servicios disponibles a trav\u00e9s del sitio web y permitirle utilizar algunas de sus funciones. Ayudan a autenticar a los usuarios y a evitar el uso fraudulento de las cuentas de usuario. Sin estas cookies, no se pueden proporcionar los servicios que ha solicitado, y solo las utilizamos para proporcionarle dichos servicios.<\/p>\n\n\n\n<p>Pol\u00edtica de cookies \/ Aceptaci\u00f3n del aviso Cookies<\/p>\n\n\n\n<p>Tipo: Cookies persistentes, Administradas por: Nosotros, Finalidad: Estas cookies identifican si los usuarios han aceptado el uso de cookies en el sitio web. Cookies de funcionalidad, Tipo: Cookies persistentes, Administradas por: Nosotros<\/p>\n\n\n\n<p>Finalidad: estas cookies nos permiten recordar las elecciones que usted realiza cuando utiliza el sitio web, como recordar sus datos de inicio de sesi\u00f3n o su preferencia de idioma. La finalidad de estas cookies es proporcionarle una experiencia m\u00e1s personalizada y evitar que tenga que volver a introducir sus preferencias cada vez que utilice el sitio web.<\/p>\n\n\n\n<p>Para obtener m\u00e1s informaci\u00f3n sobre las cookies que utilizamos y sus opciones con respecto a las cookies, visite nuestra Pol\u00edtica de cookies o la secci\u00f3n Cookies de nuestra Pol\u00edtica de privacidad.<\/p>\n\n\n\n<p>Uso de sus datos personales<\/p>\n\n\n\n<p>La Empresa podr\u00e1 utilizar los Datos personales para los siguientes fines:<\/p>\n\n\n\n<p>Para proporcionar y mantener nuestro Servicio, incluyendo supervisar el uso de nuestro Servicio.<\/p>\n\n\n\n<p>Para administrar su cuenta: para administrar su registro como usuario del Servicio. Los Datos personales que proporcione le dar\u00e1n acceso a diferentes funcionalidades del Servicio que est\u00e1n disponibles para usted como usuario registrado.<\/p>\n\n\n\n<p>Para la ejecuci\u00f3n de un contrato: el desarrollo, cumplimiento y ejecuci\u00f3n del contrato de compra de los productos, art\u00edculos o servicios que haya adquirido o de cualquier otro contrato con nosotros a trav\u00e9s del Servicio.<\/p>\n\n\n\n<p>Para contactarte: Para contactarte por correo electr\u00f3nico, llamadas telef\u00f3nicas, SMS u otras formas equivalentes de comunicaci\u00f3n electr\u00f3nica, como notificaciones push de aplicaciones m\u00f3viles sobre actualizaciones o comunicaciones informativas relacionadas con las funcionalidades, productos o servicios contratados, incluidas las actualizaciones de seguridad, cuando sea necesario o razonable para su implementaci\u00f3n.<\/p>\n\n\n\n<p>Para proporcionarle noticias, ofertas especiales e informaci\u00f3n general sobre otros productos, servicios y eventos que ofrecemos y que son similares a los que ya ha comprado o sobre los que ha solicitado informaci\u00f3n, a menos que haya optado por no recibir dicha informaci\u00f3n.<\/p>\n\n\n\n<p>Para gestionar sus solicitudes: Para atender y gestionar las solicitudes que nos env\u00ede.<\/p>\n\n\n\n<p>Para transferencias comerciales: Podemos utilizar su informaci\u00f3n para evaluar o llevar a cabo una fusi\u00f3n, desinversi\u00f3n, reestructuraci\u00f3n, reorganizaci\u00f3n, disoluci\u00f3n u otra venta o transferencia de algunos o todos nuestros activos, ya sea como empresa en funcionamiento o como parte de un procedimiento de quiebra, liquidaci\u00f3n o similar, en el que los Datos personales que poseemos sobre los usuarios de nuestro Servicio se encuentren entre los activos transferidos.<\/p>\n\n\n\n<p>Para otros fines: Podemos utilizar su informaci\u00f3n para otros fines, como el an\u00e1lisis de datos, la identificaci\u00f3n de tendencias de uso, la determinaci\u00f3n de la eficacia de nuestras campa\u00f1as promocionales y la evaluaci\u00f3n y mejora de nuestro Servicio, productos, servicios, marketing y su experiencia.<\/p>\n\n\n\n<p>Podemos compartir su informaci\u00f3n personal en las siguientes situaciones:<\/p>\n\n\n\n<p>Con proveedores de servicios: Podemos compartir su informaci\u00f3n personal con proveedores de servicios para supervisar y analizar el uso de nuestro Servicio, as\u00ed como para ponernos en contacto con usted.<\/p>\n\n\n\n<p>Para transferencias comerciales: Podemos compartir o transferir su informaci\u00f3n personal en relaci\u00f3n con, o durante las negociaciones de, cualquier fusi\u00f3n, venta de activos de la Empresa, financiamiento o adquisici\u00f3n de la totalidad o una parte de nuestro negocio a otra empresa.<\/p>\n\n\n\n<p>Con afiliados: Podemos compartir su informaci\u00f3n con nuestros afiliados, en cuyo caso exigiremos a dichos afiliados que respeten esta Pol\u00edtica de privacidad. Los afiliados incluyen nuestra empresa matriz y cualquier otra filial, socios de empresas conjuntas u otras empresas que controlemos o que est\u00e9n bajo control com\u00fan con nosotros.<\/p>\n\n\n\n<p>Con socios comerciales: Podemos compartir su informaci\u00f3n con nuestros socios comerciales para ofrecerle determinados productos, servicios o promociones.<\/p>\n\n\n\n<p>Con otros usuarios: cuando comparte informaci\u00f3n personal o interact\u00faa de cualquier otra forma en las \u00e1reas p\u00fablicas con otros usuarios, dicha informaci\u00f3n puede ser vista por todos los usuarios y puede distribuirse p\u00fablicamente fuera de la plataforma. Si interact\u00faa con otros usuarios o se registra a trav\u00e9s de un servicio de redes sociales de terceros, sus contactos en dicho servicio podr\u00e1n ver su nombre, perfil, fotos y descripci\u00f3n de su actividad. Del mismo modo, otros usuarios podr\u00e1n ver descripciones de su actividad, comunicarse con usted y ver su perfil.<\/p>\n\n\n\n<p>Con su consentimiento: Podemos divulgar su informaci\u00f3n personal para cualquier otro fin con su consentimiento.<\/p>\n\n\n\n<p>Conservaci\u00f3n de sus datos personales<\/p>\n\n\n\n<p>La Empresa conservar\u00e1 sus Datos personales solo durante el tiempo que sea necesario para los fines establecidos en la presente Pol\u00edtica de privacidad. Conservaremos y utilizaremos sus Datos personales en la medida necesaria para cumplir con nuestras obligaciones legales (por ejemplo, si se nos exige conservar sus datos para cumplir con la legislaci\u00f3n aplicable), resolver disputas y hacer cumplir nuestros acuerdos y pol\u00edticas legales.<\/p>\n\n\n\n<p>La Empresa tambi\u00e9n conservar\u00e1 los Datos de uso con fines de an\u00e1lisis interno. Los Datos de uso se conservan generalmente durante un periodo de tiempo m\u00e1s corto, excepto cuando estos datos se utilizan para reforzar la seguridad o mejorar la funcionalidad de Nuestro Servicio, o cuando estamos legalmente obligados a conservar estos datos durante periodos de tiempo m\u00e1s largos.<\/p>\n\n\n\n<p>Transferencia de sus datos personales<\/p>\n\n\n\n<p>Su informaci\u00f3n, incluidos los datos personales, se procesa en las oficinas operativas de la empresa y en cualquier otro lugar donde se encuentren las partes involucradas en el procesamiento. Esto significa que esta informaci\u00f3n puede transferirse y conservarse en computadoras ubicadas fuera de su estado, provincia, pa\u00eds u otra jurisdicci\u00f3n gubernamental, donde las leyes de protecci\u00f3n de datos pueden diferir de las de su jurisdicci\u00f3n.<\/p>\n\n\n\n<p>Su consentimiento a esta Pol\u00edtica de Privacidad seguido del env\u00edo de dicha informaci\u00f3n representa su aceptaci\u00f3n de dicha transferencia.<\/p>\n\n\n\n<p>La Empresa tomar\u00e1 todas las medidas razonablemente necesarias para garantizar que sus datos se traten de forma segura y de conformidad con la presente Pol\u00edtica de Privacidad, y no se realizar\u00e1 ninguna transferencia de sus Datos Personales a una organizaci\u00f3n o pa\u00eds a menos que existan controles adecuados, incluida la seguridad de sus datos y otra informaci\u00f3n personal.<\/p>\n\n\n\n<p>Elimina tus datos personales<\/p>\n\n\n\n<p>Tienes derecho a eliminar o solicitar que te ayudemos a eliminar los Datos personales que hemos recopilado sobre ti.<\/p>\n\n\n\n<p>Nuestro Servicio puede ofrecerle la posibilidad de eliminar cierta informaci\u00f3n sobre usted desde dentro del Servicio.<\/p>\n\n\n\n<p>Puede actualizar, modificar o eliminar su informaci\u00f3n en cualquier momento iniciando sesi\u00f3n en su cuenta, si tiene una, y visitando la secci\u00f3n de configuraci\u00f3n de la cuenta que le permite administrar su informaci\u00f3n personal. Tambi\u00e9n puede ponerse en contacto con nosotros para solicitar el acceso, la correcci\u00f3n o la eliminaci\u00f3n de cualquier informaci\u00f3n personal que nos haya proporcionado.<\/p>\n\n\n\n<p>Sin embargo, tenga en cuenta que es posible que tengamos que conservar cierta informaci\u00f3n cuando tengamos la obligaci\u00f3n legal o una base leg\u00edtima para hacerlo.<\/p>\n\n\n\n<p>Divulgaci\u00f3n de sus datos personales<\/p>\n\n\n\n<p>Transacciones comerciales<\/p>\n\n\n\n<p>Si la Empresa se ve involucrada en una fusi\u00f3n, adquisici\u00f3n o venta de activos, sus Datos personales podr\u00e1n ser transferidos. Le avisaremos antes de que sus Datos personales sean transferidos y queden sujetos a una Pol\u00edtica de privacidad diferente.<\/p>\n\n\n\n<p>Aplicaci\u00f3n de la ley<\/p>\n\n\n\n<p>En determinadas circunstancias, la Empresa puede verse obligada a divulgar sus Datos personales si as\u00ed lo exige la ley o en respuesta a solicitudes v\u00e1lidas de las autoridades p\u00fablicas (por ejemplo, un tribunal o una agencia gubernamental).<\/p>\n\n\n\n<p>Otros requisitos legales<\/p>\n\n\n\n<p>La Empresa podr\u00e1 divulgar sus Datos personales si cree de buena fe que dicha acci\u00f3n es necesaria para:<\/p>\n\n\n\n<p>Cumplir con una obligaci\u00f3n legal.<\/p>\n\n\n\n<p>Proteger y defender los derechos o la propiedad de la Empresa.<\/p>\n\n\n\n<p>Prevenir o investigar posibles irregularidades relacionadas con el Servicio.<\/p>\n\n\n\n<p>Proteger la seguridad personal de los usuarios del Servicio o del p\u00fablico.<\/p>\n\n\n\n<p>Protegerse contra la responsabilidad legal<\/p>\n\n\n\n<p>Seguridad de sus datos personales<\/p>\n\n\n\n<p>La seguridad de sus datos personales es importante para nosotros, pero recuerde que ning\u00fan m\u00e9todo de transmisi\u00f3n por Internet o m\u00e9todo de almacenamiento electr\u00f3nico es 100 % seguro. Aunque nos esforzamos por utilizar medios comercialmente aceptables para proteger sus datos personales, no podemos garantizar su seguridad absoluta.<\/p>\n\n\n\n<p>Privacidad infantil<\/p>\n\n\n\n<p>Nuestro Servicio no est\u00e1 dirigido a menores de 13 a\u00f1os. No recopilamos deliberadamente informaci\u00f3n personal identificable de menores de 13 a\u00f1os. Si usted es padre, madre o tutor y sabe que su hijo nos ha proporcionado Datos personales, p\u00f3ngase en contacto con nosotros. Si descubrimos que hemos recopilado Datos personales de menores de 13 a\u00f1os sin verificar el consentimiento de los padres, tomaremos medidas para eliminar esa informaci\u00f3n de nuestros servidores.<\/p>\n\n\n\n<p>Si necesitamos basarnos en el consentimiento como fundamento jur\u00eddico para tratar su informaci\u00f3n y su pa\u00eds exige el consentimiento de un padre, es posible que solicitemos el consentimiento de su padre antes de recopilar y utilizar dicha informaci\u00f3n.<\/p>\n\n\n\n<p>Enlaces a otros sitios web<\/p>\n\n\n\n<p>Nuestro Servicio puede contener enlaces a otros sitios web que no son operados por nosotros. Si hace clic en un enlace de un tercero, ser\u00e1 redirigido al sitio web de ese tercero. Le recomendamos encarecidamente que revise la Pol\u00edtica de Privacidad de cada sitio web que visite.<\/p>\n\n\n\n<p>No tenemos control ni asumimos ninguna responsabilidad por el contenido, las pol\u00edticas de privacidad o las pr\u00e1cticas de los sitios o servicios de terceros.<\/p>\n\n\n\n<p>Cambios en esta Pol\u00edtica de Privacidad<\/p>\n\n\n\n<p>Podemos actualizar nuestra Pol\u00edtica de Privacidad de vez en cuando. Le notificaremos cualquier cambio mediante la publicaci\u00f3n de la nueva Pol\u00edtica de Privacidad en esta p\u00e1gina.<\/p>\n\n\n\n<p>Le informaremos por correo electr\u00f3nico y\/o mediante un aviso destacado en nuestro Servicio, antes de que el cambio entre en vigor, y actualizaremos la fecha de \u201c\u00daltima actualizaci\u00f3n\u201d que figura en la parte superior de esta Pol\u00edtica de privacidad.<\/p>\n\n\n\n<p>Le recomendamos que revise peri\u00f3dicamente esta Pol\u00edtica de privacidad para conocer cualquier cambio. Los cambios en esta Pol\u00edtica de privacidad entran en vigor cuando se publican en esta p\u00e1gina.<\/p>\n\n\n\n<p>Cont\u00e1ctenos<\/p>\n\n\n\n<p>Si tiene alguna pregunta sobre esta Pol\u00edtica de Privacidad, puede ponerse en contacto con nosotros:<\/p>\n\n\n\n<p>Por correo electr\u00f3nico: admin@Uniteambuilder.com<\/p>","protected":false},"excerpt":{"rendered":"<p>Privacy Policy and Earning Disclaimer This Privacy Policy describes Our policies and procedures on the collection, use and disclosure of Your information when You use the Service and tells You about Your privacy rights and how the law protects You. We use Your Personal data to provide and improve the Service. By using the Service, [&hellip;]<\/p>\n","protected":false},"author":1,"featured_media":0,"parent":0,"menu_order":0,"comment_status":"closed","ping_status":"closed","template":"","meta":{"footnotes":""},"class_list":["post-23372","page","type-page","status-publish","hentry"],"_links":{"self":[{"href":"https:\/\/uniteambuilder.com\/mx\/wp-json\/wp\/v2\/pages\/23372","targetHints":{"allow":["GET"]}}],"collection":[{"href":"https:\/\/uniteambuilder.com\/mx\/wp-json\/wp\/v2\/pages"}],"about":[{"href":"https:\/\/uniteambuilder.com\/mx\/wp-json\/wp\/v2\/types\/page"}],"author":[{"embeddable":true,"href":"https:\/\/uniteambuilder.com\/mx\/wp-json\/wp\/v2\/users\/1"}],"replies":[{"embeddable":true,"href":"https:\/\/uniteambuilder.com\/mx\/wp-json\/wp\/v2\/comments?post=23372"}],"version-history":[{"count":1,"href":"https:\/\/uniteambuilder.com\/mx\/wp-json\/wp\/v2\/pages\/23372\/revisions"}],"predecessor-version":[{"id":23373,"href":"https:\/\/uniteambuilder.com\/mx\/wp-json\/wp\/v2\/pages\/23372\/revisions\/23373"}],"wp:attachment":[{"href":"https:\/\/uniteambuilder.com\/mx\/wp-json\/wp\/v2\/media?parent=23372"}],"curies":[{"name":"wp","href":"https:\/\/api.w.org\/{rel}","templated":true}]}}