{"id":23367,"date":"2026-03-03T18:06:01","date_gmt":"2026-03-03T18:06:01","guid":{"rendered":"https:\/\/uniteambuilder.com\/?page_id=23367"},"modified":"2026-03-03T18:09:40","modified_gmt":"2026-03-03T18:09:40","slug":"terms","status":"publish","type":"page","link":"https:\/\/uniteambuilder.com\/mx\/terms\/","title":{"rendered":"T\u00e9rminos"},"content":{"rendered":"<h2 class=\"wp-block-heading\">T\u00e9rminos y condiciones<\/h2>\n\n\n\n<p>Las pol\u00edticas y procedimientos de Uniteambuilder.com aqu\u00ed contenidos se han establecido con el fin de explicar y definir los derechos y responsabilidades de Uniteambuilder.com y sus Representantes Independientes. Cada Representante Independiente acepta, sin reservas, todos los t\u00e9rminos y condiciones aqu\u00ed contenidos y exime a Uniteambuilder.com de cualquier responsabilidad que pueda derivarse del presente acuerdo entre el Representante Independiente y Uniteambuilder.com.<\/p>\n\n\n\n<p>Pol\u00edtica de cancelaci\u00f3n y reembolso<\/p>\n\n\n\n<p>Todos los miembros de Uniteambuilder.com deben pagar una cuota \u00fanica de inscripci\u00f3n y una cuota mensual para mantener su membres\u00eda y tener derechos y acceso a todos los productos, servicios y materiales de capacitaci\u00f3n. Todos los miembros reconocen que la tarjeta de cr\u00e9dito que tienen registrada seguir\u00e1 siendo cobrada cada mes hasta que el miembro cancele su membres\u00eda con Uniteambuilder.com. No existe ning\u00fan compromiso a largo plazo ni plazo en el que un miembro deba seguir activo pagando su cuota mensual. Los miembros pueden cancelar su membres\u00eda en cualquier momento y por cualquier motivo, simplemente iniciando sesi\u00f3n en su cuenta de miembro en l\u00ednea de Uniteambuilder.com y haciendo clic en el enlace \u00abInformaci\u00f3n de usuario y facturaci\u00f3n\u00bb, donde deber\u00e1n seguir el enlace \u00abCancelar membres\u00eda\u00bb para cancelar su membres\u00eda, o poni\u00e9ndose en contacto con el servicio de atenci\u00f3n al cliente.  Los miembros inactivos no pueden obtener comisiones. Uniteambuilder.com mantiene una pol\u00edtica de reembolso\/cancelaci\u00f3n de 3 d\u00edas 100%. Debe cancelar su membres\u00eda dentro de los 3 d\u00edas posteriores a la actualizaci\u00f3n a miembro para tener derecho a un reembolso. Despu\u00e9s de haber sido miembro durante 3 d\u00edas, no se realizar\u00e1n reembolsos parciales ni totales. La misma pol\u00edtica de 3 d\u00edas se aplica al pago mensual de la membres\u00eda. Puede cancelar su suscripci\u00f3n en un plazo de 3 d\u00edas a partir del \u00faltimo cargo y tener derecho a un reembolso solo de la cuota de membres\u00eda de ese mes. Pasados 3 d\u00edas, no se conceder\u00e1n reembolsos parciales ni totales. Solo se conceder\u00e1n reembolsos si se cumple el requisito de elegibilidad de 3 d\u00edas y si se solicita el reembolso. Para solicitar un reembolso, debe enviar un correo electr\u00f3nico a support@uniteambuilder.com incluyendo su nombre de usuario o n\u00famero de identificaci\u00f3n de Uniteambuilder.com.<\/p>\n\n\n\n<p>Pol\u00edtica antispam<\/p>\n\n\n\n<p>Con el fin de proteger a nuestros miembros y garantizar el crecimiento y el \u00e9xito a largo plazo de Uniteambuilder.com, Uniteambuilder.com mantiene una pol\u00edtica de tolerancia CERO hacia el env\u00edo de correo electr\u00f3nico no deseado. El correo electr\u00f3nico no deseado se define como correo electr\u00f3nico comercial no solicitado (UCE). En caso de que env\u00ede correo electr\u00f3nico no deseado a personas sin su permiso, se arriesga a la cancelaci\u00f3n inmediata de su cuenta y a la p\u00e9rdida de todos los contactos de dicha cuenta. Como miembro de Uniteambuilder.com, usted entiende que Uniteambuilder.com no aprueba ni tolera el env\u00edo de correos electr\u00f3nicos no solicitados o spam por parte de sus miembros. Usted entiende y reconoce que: Es ILEGAL falsificar los encabezados de los correos electr\u00f3nicos y es ILEGAL no incluir un enlace v\u00e1lido y funcional para darse de baja, junto con una direcci\u00f3n de correo v\u00e1lida, en cualquier correo electr\u00f3nico enviado. Cualquier persona que sea sorprendida falsificando encabezados o no incluyendo un enlace v\u00e1lido y funcional para darse de baja ser\u00e1 expulsada de Uniteambuilder.com de forma inmediata y permanente. Uniteambuilder.com tambi\u00e9n proh\u00edbe a todos los miembros incluir el nombre o la direcci\u00f3n del sitio web en cualquier correo electr\u00f3nico que env\u00eden. Los miembros deben utilizar un enlace de redireccionamiento cuando dirijan a los clientes potenciales a su p\u00e1gina de destino. Tambi\u00e9n exigimos a todos los miembros que descarguen su lista de direcciones de correo electr\u00f3nico que han generado una queja, que se puede encontrar en el enlace de la Pol\u00edtica de spam en la secci\u00f3n de miembros del sitio web Uniteambuilder.com, y que las eliminen permanentemente de su base de datos. Si recibimos una queja de la misma direcci\u00f3n de correo electr\u00f3nico que una queja anterior de un correo electr\u00f3nico enviado m\u00e1s de una semana despu\u00e9s de que se presentara la queja original, Uniteambuilder.com tiene derecho a cancelar su membres\u00eda. Usted es el \u00fanico responsable del correo enviado en su nombre. Uniteambuilder.com cancelar\u00e1 inmediatamente su membres\u00eda y suspender\u00e1 todas las comisiones futuras por violar estas Pol\u00edticas de spam. Uniteambuilder.com se reserva el derecho de emprender acciones legales contra cualquier miembro que viole esta Pol\u00edtica de spam. No tendr\u00e1 derecho a un reembolso si se le cancela la membres\u00eda por violar la Pol\u00edtica de spam de Uniteambuilder.com.<\/p>\n\n\n\n<p>Pol\u00edtica de productos y ganancias<\/p>\n\n\n\n<p>La cuota mensual de Uniteambuilder.com se paga para tener acceso completo a los productos de capacitaci\u00f3n y al material educativo proporcionado por Uniteambuilder.com y sus capacitadores. Todos los miembros activos tambi\u00e9n pueden participar en el programa de compensaci\u00f3n de Uniteambuilder.com, tal y como se describe en la p\u00e1gina del Plan de Pagos del sitio web. Las comisiones se pagan tal y como se describe en la p\u00e1gina del Plan de Pagos del sitio web.  Todos los miembros entienden, ANTES de pagar su cuota de membres\u00eda, que NO HAY GANANCIAS GARANTIZADAS. Los miembros entienden que la genealog\u00eda de Powerline no refleja las ganancias, sino que es una representaci\u00f3n del crecimiento de la empresa y no significa nada en t\u00e9rminos de comisiones. Los miembros no deben participar en Uniteambuilder.com con la expectativa de obtener ingresos sin referir a nuevos miembros.  Ni Uniteambuilder.com ni sus miembros pueden garantizar \u201cbeneficios indirectos\u201d o ganancias simplemente por hacerse miembro. Los miembros de Uniteambuilder.com compran productos de formaci\u00f3n para formarse en los sectores descritos en las p\u00e1ginas Productos y Fuentes de ingresos. Los miembros no deben participar en Uniteambuilder.com si no tienen intenci\u00f3n de utilizar los productos educativos, ni si no tienen intenci\u00f3n de compartir la oportunidad con otras personas. La mayor\u00eda de los miembros ganan menos dinero cada mes en el programa de compensaci\u00f3n de lo que pagan por mantener su membres\u00eda en Uniteambuilder.com. Aunque es posible, los miembros de Uniteambuilder.com NO deben esperar obtener ganancias simplemente por convertirse en miembros, ya que es muy poco probable que eso ocurra. Uniteambuilder.com no puede garantizar que los miembros obtengan ganancias al implementar los materiales de capacitaci\u00f3n proporcionados. Los productos son solo para fines educativos. Ning\u00fan miembro debe gastar dinero que no pueda permitirse perder para hacerse miembro y mantener su membres\u00eda en Uniteambuilder.com. Es posible que NO obtenga ingresos como miembro de Uniteambuilder.com. Todos los miembros que vivan en los Estados Unidos deben proporcionar su identificaci\u00f3n fiscal y\/o su n\u00famero de seguro social si sus comisiones superan los $600 en cualquier a\u00f1o natural. El incumplimiento de esta obligaci\u00f3n puede dar lugar a una retenci\u00f3n de impuestos o a la rescisi\u00f3n de la membres\u00eda.<\/p>\n\n\n\n<p>Pol\u00edtica de cumplimiento<\/p>\n\n\n\n<p>Uniteambuilder.com puede cambiar, modificar, a\u00f1adir o eliminar condiciones de afiliaci\u00f3n, productos, servicios y compensaciones en cualquier momento y por cualquier motivo. Uniteambuilder.com se reserva el derecho de dar de baja a un miembro en cualquier momento por infringir cualquiera de nuestras pol\u00edticas, independientemente de la culpa. Todas las disputas y reclamaciones relacionadas con Uniteambuilder.com, este Acuerdo, el plan de compensaci\u00f3n de Uniteambuilder.com o sus productos, los derechos y obligaciones de un representante y Uniteambuilder.com, o cualquier otra reclamaci\u00f3n o causa de acci\u00f3n relacionada con el desempe\u00f1o de un representante o Uniteambuilder.com en virtud del Acuerdo o las normas y reglamentos, y\/o la compra de productos por parte de un representante se resolver\u00e1n de forma total y definitiva en el estado de Texas, o en cualquier otro lugar que Uniteambuilder.com prescriba. Uniteambuilder.com y sus afiliados, funcionarios, directores, empleados y otros representantes no ser\u00e1n responsables, y el Representante por la presente exime a los anteriores y renuncia a cualquier reclamaci\u00f3n por p\u00e9rdida de beneficios, da\u00f1os incidentales, especiales, consecuentes o punitivos que puedan surgir de cualquier reclamaci\u00f3n relacionada con el desempe\u00f1o, incumplimiento, acto u omisi\u00f3n con respecto a la relaci\u00f3n comercial u otros asuntos entre el Representante y Uniteambuilder.com, ya sea por contrato, agravio o responsabilidad objetiva.<\/p>","protected":false},"excerpt":{"rendered":"<p>Terms And Conditions The Policies and Procedures of Uniteambuilder.com contained herein were established to explain and define the rights and responsibilities of Uniteambuilder.com and its Independent Representatives. Each Independent Representative agrees, without reservation, to all the terms and conditions contained herein and holds Uniteambuilder.com free from any and all liability that may result from this [&hellip;]<\/p>\n","protected":false},"author":1,"featured_media":0,"parent":0,"menu_order":0,"comment_status":"closed","ping_status":"closed","template":"","meta":{"footnotes":""},"class_list":["post-23367","page","type-page","status-publish","hentry"],"_links":{"self":[{"href":"https:\/\/uniteambuilder.com\/mx\/wp-json\/wp\/v2\/pages\/23367","targetHints":{"allow":["GET"]}}],"collection":[{"href":"https:\/\/uniteambuilder.com\/mx\/wp-json\/wp\/v2\/pages"}],"about":[{"href":"https:\/\/uniteambuilder.com\/mx\/wp-json\/wp\/v2\/types\/page"}],"author":[{"embeddable":true,"href":"https:\/\/uniteambuilder.com\/mx\/wp-json\/wp\/v2\/users\/1"}],"replies":[{"embeddable":true,"href":"https:\/\/uniteambuilder.com\/mx\/wp-json\/wp\/v2\/comments?post=23367"}],"version-history":[{"count":3,"href":"https:\/\/uniteambuilder.com\/mx\/wp-json\/wp\/v2\/pages\/23367\/revisions"}],"predecessor-version":[{"id":23371,"href":"https:\/\/uniteambuilder.com\/mx\/wp-json\/wp\/v2\/pages\/23367\/revisions\/23371"}],"wp:attachment":[{"href":"https:\/\/uniteambuilder.com\/mx\/wp-json\/wp\/v2\/media?parent=23367"}],"curies":[{"name":"wp","href":"https:\/\/api.w.org\/{rel}","templated":true}]}}