{"id":23376,"date":"2026-03-03T18:22:40","date_gmt":"2026-03-03T18:22:40","guid":{"rendered":"https:\/\/uniteambuilder.com\/?page_id=23376"},"modified":"2026-03-03T18:22:43","modified_gmt":"2026-03-03T18:22:43","slug":"refunds","status":"publish","type":"page","link":"https:\/\/uniteambuilder.com\/it\/refunds\/","title":{"rendered":"Rimborsi"},"content":{"rendered":"<p>Politica di cancellazione e rimborso<\/p>\n\n\n\n<p>Tutti i membri di Uniteambuiler.com devono pagare una quota di iscrizione una tantum e una quota di iscrizione mensile per mantenere la loro iscrizione e avere diritti e accesso a tutti i prodotti, servizi e materiali di formazione. Tutti i membri riconoscono che la carta di credito che hanno in archivio continuer\u00e0 a essere addebitata ogni mese fino a quando e a meno che il membro non cancelli la sua iscrizione a Uniteambuiler.com. Non esiste un impegno a lungo termine o un periodo di tempo in cui un membro deve continuare a rimanere attivo pagando la quota di iscrizione mensile. I membri possono cancellare la loro iscrizione in qualsiasi momento e per qualsiasi motivo, semplicemente accedendo ai loro membri online di Uniteambuiler.com e cliccando sul link Informazioni sull'utente e sulla fatturazione, dove dovranno seguire il link Termina iscrizione per cancellare la loro iscrizione o contattando l'assistenza clienti. I membri inattivi non possono guadagnare commissioni. Uniteambuiler.com mantiene una politica di rimborso\/cancellazione di 3 giorni 100%. Per avere diritto a un rimborso, \u00e8 necessario cancellare l'iscrizione entro 3 giorni dall'aggiornamento a membro. Dopo 3 giorni di iscrizione, non sono previsti rimborsi n\u00e9 parziali n\u00e9 totali. La stessa politica dei 3 giorni si applica al pagamento dell'abbonamento mensile. \u00c8 possibile annullare l'abbonamento entro 3 giorni dall'ultimo addebito e avere diritto al rimborso della sola quota associativa di quel mese. Dopo 3 giorni, non \u00e8 previsto alcun rimborso, n\u00e9 parziale n\u00e9 totale. I rimborsi vengono concessi solo se il requisito di ammissibilit\u00e0 di 3 giorni \u00e8 soddisfatto e se il rimborso viene richiesto. Per richiedere un rimborso, \u00e8 necessario inviare un'e-mail a support@Uniteambuiler.com includendo il nome utente o il numero ID di Uniteambuiler.com.<\/p>","protected":false},"excerpt":{"rendered":"<p>Cancellation and Refund Policy All Uniteambuiler.com members must pay a one time sign up fee and a monthly membership fee to maintain their membership and have rights and access to all products, services, and training materials. All members recognize that the credit card they have on file will continue to be billed every month until [&hellip;]<\/p>\n","protected":false},"author":1,"featured_media":0,"parent":0,"menu_order":0,"comment_status":"closed","ping_status":"closed","template":"","meta":{"footnotes":""},"class_list":["post-23376","page","type-page","status-publish","hentry"],"_links":{"self":[{"href":"https:\/\/uniteambuilder.com\/it\/wp-json\/wp\/v2\/pages\/23376","targetHints":{"allow":["GET"]}}],"collection":[{"href":"https:\/\/uniteambuilder.com\/it\/wp-json\/wp\/v2\/pages"}],"about":[{"href":"https:\/\/uniteambuilder.com\/it\/wp-json\/wp\/v2\/types\/page"}],"author":[{"embeddable":true,"href":"https:\/\/uniteambuilder.com\/it\/wp-json\/wp\/v2\/users\/1"}],"replies":[{"embeddable":true,"href":"https:\/\/uniteambuilder.com\/it\/wp-json\/wp\/v2\/comments?post=23376"}],"version-history":[{"count":1,"href":"https:\/\/uniteambuilder.com\/it\/wp-json\/wp\/v2\/pages\/23376\/revisions"}],"predecessor-version":[{"id":23377,"href":"https:\/\/uniteambuilder.com\/it\/wp-json\/wp\/v2\/pages\/23376\/revisions\/23377"}],"wp:attachment":[{"href":"https:\/\/uniteambuilder.com\/it\/wp-json\/wp\/v2\/media?parent=23376"}],"curies":[{"name":"wp","href":"https:\/\/api.w.org\/{rel}","templated":true}]}}