{"id":23367,"date":"2026-03-03T18:06:01","date_gmt":"2026-03-03T18:06:01","guid":{"rendered":"https:\/\/uniteambuilder.com\/?page_id=23367"},"modified":"2026-03-03T18:09:40","modified_gmt":"2026-03-03T18:09:40","slug":"terms","status":"publish","type":"page","link":"https:\/\/uniteambuilder.com\/it\/terms\/","title":{"rendered":"Termini"},"content":{"rendered":"<h2 class=\"wp-block-heading\">Termini e condizioni<\/h2>\n\n\n\n<p>Le Politiche e le Procedure di Uniteambuilder.com contenute nel presente documento sono state stabilite per spiegare e definire i diritti e le responsabilit\u00e0 di Uniteambuilder.com e dei suoi Rappresentanti Indipendenti. Ogni Rappresentante Indipendente accetta, senza riserve, tutti i termini e le condizioni qui contenuti e ritiene Uniteambuilder.com libera da qualsiasi responsabilit\u00e0 che possa derivare da questo accordo tra il Rappresentante Indipendente e Uniteambuilder.com.<\/p>\n\n\n\n<p>Politica di cancellazione e rimborso<\/p>\n\n\n\n<p>Tutti i membri di Uniteambuilder.com devono pagare una quota di iscrizione una tantum e una quota di iscrizione mensile per mantenere la loro iscrizione e avere diritti e accesso a tutti i prodotti, servizi e materiali di formazione. Tutti i membri riconoscono che la carta di credito che hanno in archivio continuer\u00e0 a essere addebitata ogni mese fino a quando e a meno che il membro non cancelli la sua iscrizione a Uniteambuilder.com. Non esiste un impegno a lungo termine o un periodo di tempo in cui un membro deve continuare a rimanere attivo pagando la quota di iscrizione mensile.  I membri possono cancellare la loro iscrizione in qualsiasi momento e per qualsiasi motivo, semplicemente accedendo ai loro membri online di Uniteambuilder.com e cliccando sul link Informazioni sull'utente e sulla fatturazione, dove dovranno seguire il link Termina iscrizione per cancellare la loro iscrizione o contattando l'assistenza clienti.  I membri inattivi non possono guadagnare commissioni. Uniteambuilder.com mantiene una politica di rimborso\/cancellazione di 3 giorni 100%.  Per avere diritto a un rimborso, \u00e8 necessario cancellare l'iscrizione entro 3 giorni dal passaggio a membro.  Dopo 3 giorni di iscrizione, non sono previsti rimborsi n\u00e9 parziali n\u00e9 totali. La stessa politica dei 3 giorni si applica al pagamento dell'abbonamento mensile.  \u00c8 possibile annullare l'abbonamento entro 3 giorni dall'ultimo addebito e avere diritto al rimborso della sola quota associativa di quel mese.  Dopo 3 giorni, non \u00e8 previsto alcun rimborso, n\u00e9 parziale n\u00e9 totale. I rimborsi vengono concessi solo se il requisito di ammissibilit\u00e0 di 3 giorni \u00e8 soddisfatto e se il rimborso viene richiesto.  Per richiedere un rimborso, \u00e8 necessario inviare un'e-mail a support@uniteambuilder.com includendo il nome utente o il numero ID di Uniteambuilder.com.<\/p>\n\n\n\n<p>Politica antispam<\/p>\n\n\n\n<p>Al fine di proteggere i nostri membri e garantire la crescita e il successo a lungo termine di Uniteambuilder.com, Uniteambuilder.com mantiene una politica di tolleranza ZERO nei confronti dell'invio di e-mail di spam. Le e-mail di spam sono definite come e-mail commerciali non richieste (UCE). Se inviate e-mail di spam a persone senza il loro permesso, rischiate la cancellazione immediata del vostro account e la perdita di tutti i contatti in esso contenuti. In qualit\u00e0 di membro di Uniteambuilder.com, sei consapevole che Uniteambuilder.com non perdona n\u00e9 tollera l'invio di e-mail non richieste o di spam da parte dei suoi membri. Lei comprende e riconosce che: \u00c8 ILLEGALE falsificare le intestazioni delle e-mail ed \u00e8 ILLEGALE trascurare di includere un link di cancellazione funzionale e valido insieme a un indirizzo postale valido in qualsiasi e-mail inviata. Chiunque venga sorpreso a falsificare le intestazioni o a non includere un link di cancellazione valido e funzionale sar\u00e0 immediatamente e permanentemente cancellato da Uniteambuilder.com.  Uniteambuilder.com vieta inoltre a tutti i membri di includere il nome o l'indirizzo del sito web in qualsiasi e-mail inviata. I membri sono tenuti a utilizzare un link di reindirizzamento quando indirizzano i potenziali clienti alla loro pagina di destinazione. Chiediamo inoltre a tutti i membri di scaricare l'elenco degli indirizzi e-mail che hanno generato un reclamo, che si trova nel link Spam Policy nella sezione membri del sito Uniteambuilder.com, e di rimuoverli definitivamente dal proprio database. Se riceviamo un reclamo dallo stesso indirizzo e-mail di un precedente reclamo da un'e-mail inviata pi\u00f9 di una settimana dopo la presentazione del reclamo originale, Uniteambuilder.com ha il diritto di terminare la tua iscrizione. L'utente \u00e8 l'unico responsabile della posta inviata a suo nome. Uniteambuilder.com interromper\u00e0 immediatamente la tua iscrizione e sospender\u00e0 tutte le commissioni future per la violazione di queste Politiche sullo Spam.   Uniteambuilder.com si riserva il diritto di intraprendere azioni legali contro qualsiasi membro che violi la presente Politica sullo Spam.   Non si avr\u00e0 diritto a un rimborso se si \u00e8 stati cancellati per aver violato la Politica sullo Spam di Uniteambuilder.com.<\/p>\n\n\n\n<p>Politica dei prodotti e dei guadagni<\/p>\n\n\n\n<p>La quota di iscrizione mensile a Uniteambuilder.com serve a pagare l'accesso completo ai prodotti di formazione e al materiale didattico fornito da Uniteambuilder.com e dai suoi trainer.  Tutti i membri attivi possono anche partecipare al programma di remunerazione di Uniteambuilder.com, come indicato nella pagina del Piano di remunerazione del sito web. Le commissioni sono pagate come indicato nella pagina del Piano di retribuzione del sito web.  Tutti i membri sono consapevoli, PRIMA di pagare la quota di adesione, che non ci sono guadagni garantiti.  I membri comprendono che la genealogia Powerline non riflette i guadagni, ma \u00e8 una rappresentazione della crescita dell'azienda e non significa nulla in termini di commissioni. I membri non devono partecipare a Uniteambuilder.com con l'aspettativa di guadagnare senza aver segnalato nuovi membri.  N\u00e9 Uniteambuilder.com, n\u00e9 i suoi membri possono garantire \u201cspillover\u201d o guadagni semplicemente diventando membri.  I membri di Uniteambuilder.com acquistano prodotti di formazione per essere istruiti nei settori delineati nelle pagine dei prodotti e dei flussi di reddito.  I membri non dovrebbero partecipare a Uniteambuilder.com se non intendono utilizzare i prodotti formativi, n\u00e9 se non intendono condividere l'opportunit\u00e0 con altri. La maggior parte dei membri guadagna ogni mese meno denaro nel programma di compensazione di quanto paghi per mantenere la propria iscrizione a Uniteambuilder.com.  Sebbene sia possibile, i membri di Uniteambuilder.com NON devono aspettarsi di ottenere un profitto semplicemente diventando membri, poich\u00e9 \u00e8 altamente improbabile che ci\u00f2 accada. Uniteambuilder.com non pu\u00f2 garantire che i membri ottengano un profitto implementando i materiali di formazione forniti.  I prodotti sono solo a scopo educativo. Nessun membro dovrebbe spendere soldi che non pu\u00f2 permettersi di perdere per diventare un membro e mantenere la sua iscrizione a Uniteambuilder.com.  \u00c8 possibile che NON si guadagni un reddito come membro di Uniteambuilder.com. Tutti i membri residenti negli Stati Uniti sono tenuti a fornire il codice fiscale e\/o il numero di previdenza sociale nel caso in cui le loro commissioni superino $600 per ogni anno solare.  In caso contrario, si pu\u00f2 incorrere nella ritenuta d'acconto o nell'interruzione dell'attivit\u00e0.<\/p>\n\n\n\n<p>Politica di conformit\u00e0<\/p>\n\n\n\n<p>Uniteambuilder.com pu\u00f2 cambiare, alterare, aggiungere o togliere condizioni di adesione, prodotti, servizi e compensi in qualsiasi momento e per qualsiasi motivo.  Uniteambuilder.com si riserva il diritto di terminare un membro in qualsiasi momento per aver violato una qualsiasi delle nostre politiche, indipendentemente dalla colpa. Tutte le controversie e i reclami relativi a Uniteambuilder.com, al presente Accordo, al piano di compensazione di Uniteambuilder.com o ai suoi prodotti, ai diritti e agli obblighi di un Rappresentante e di Uniteambuilder.com, o a qualsiasi altro reclamo o causa di azione relativa alle prestazioni di un Rappresentante o di Uniteambuilder.com ai sensi dell'Accordo o delle norme e dei regolamenti, e\/o all'acquisto di prodotti da parte di un Rappresentante, saranno giudicati in modo totale e definitivo nello stato del Texas, o in un altro luogo stabilito da Uniteambuilder.com. Uniteambuilder.com e i suoi affiliati, funzionari, direttori, dipendenti e altri rappresentanti non saranno responsabili e il Rappresentante con il presente esonera e rinuncia a qualsiasi richiesta di perdita di profitto, danni incidentali, speciali, consequenziali o esemplari che possano derivare da qualsiasi reclamo relativo alla prestazione, alla mancata prestazione, all'azione o all'omissione di Uniteambuilder.com in relazione al rapporto d'affari o ad altre questioni tra il Rappresentante e Uniteambuilder.com, sia che si tratti di contratto, torto o responsabilit\u00e0 oggettiva.<\/p>","protected":false},"excerpt":{"rendered":"<p>Terms And Conditions The Policies and Procedures of Uniteambuilder.com contained herein were established to explain and define the rights and responsibilities of Uniteambuilder.com and its Independent Representatives. Each Independent Representative agrees, without reservation, to all the terms and conditions contained herein and holds Uniteambuilder.com free from any and all liability that may result from this [&hellip;]<\/p>\n","protected":false},"author":1,"featured_media":0,"parent":0,"menu_order":0,"comment_status":"closed","ping_status":"closed","template":"","meta":{"footnotes":""},"class_list":["post-23367","page","type-page","status-publish","hentry"],"_links":{"self":[{"href":"https:\/\/uniteambuilder.com\/it\/wp-json\/wp\/v2\/pages\/23367","targetHints":{"allow":["GET"]}}],"collection":[{"href":"https:\/\/uniteambuilder.com\/it\/wp-json\/wp\/v2\/pages"}],"about":[{"href":"https:\/\/uniteambuilder.com\/it\/wp-json\/wp\/v2\/types\/page"}],"author":[{"embeddable":true,"href":"https:\/\/uniteambuilder.com\/it\/wp-json\/wp\/v2\/users\/1"}],"replies":[{"embeddable":true,"href":"https:\/\/uniteambuilder.com\/it\/wp-json\/wp\/v2\/comments?post=23367"}],"version-history":[{"count":3,"href":"https:\/\/uniteambuilder.com\/it\/wp-json\/wp\/v2\/pages\/23367\/revisions"}],"predecessor-version":[{"id":23371,"href":"https:\/\/uniteambuilder.com\/it\/wp-json\/wp\/v2\/pages\/23367\/revisions\/23371"}],"wp:attachment":[{"href":"https:\/\/uniteambuilder.com\/it\/wp-json\/wp\/v2\/media?parent=23367"}],"curies":[{"name":"wp","href":"https:\/\/api.w.org\/{rel}","templated":true}]}}