{"id":424,"date":"2024-05-13T17:01:03","date_gmt":"2024-05-13T17:01:03","guid":{"rendered":"https:\/\/demo.sandamedia.net\/sotech\/?page_id=424"},"modified":"2024-05-13T17:01:03","modified_gmt":"2024-05-13T17:01:03","slug":"blog-carousel","status":"publish","type":"page","link":"https:\/\/uniteambuilder.com\/fr\/blog-carousel\/","title":{"rendered":"Carrousel des blogs"},"content":{"rendered":"<div data-elementor-type=\"wp-page\" data-elementor-id=\"424\" class=\"elementor elementor-424\">\n\t\t\t\t        <section class=\"elementor-section elementor-top-section elementor-element elementor-element-18e2ec1 elementor-section-boxed elementor-section-height-default elementor-section-height-default pxl-type-header-none pxl-row-scroll-none\" data-id=\"18e2ec1\" data-element_type=\"section\" data-e-type=\"section\">\n\n                \n                <div class=\"elementor-container elementor-column-gap-extended\">\n                <div class=\"elementor-column elementor-col-100 elementor-top-column elementor-element elementor-element-30d0e96 pxl-column-element-default pxl-column-none pxl-column-overflow-hidden-no\" data-id=\"30d0e96\" data-element_type=\"column\" data-e-type=\"column\">\r\n                    <div class=\"elementor-widget-wrap elementor-element-populated\">\r\n        \t\t<div class=\"elementor-element elementor-element-8143777 elementor-widget elementor-widget-pxl_heading\" data-id=\"8143777\" data-element_type=\"widget\" data-e-type=\"widget\" data-widget_type=\"pxl_heading.default\">\n\t\t\t\t<div class=\"elementor-widget-container\">\n\t\t\t\t\t<div id=\"pxl-pxl_heading-8143777-9822\" class=\"pxl-heading px-sub-title-default-style\">\n\t<div class=\"pxl-heading--inner\">\n\t\t\n\t\t\t\t\t<div class=\"pxl-item--subtitle px-sub-title-default\" data-wow-delay=\"ms\">\n\t\t\t\t<span class=\"pxl-item--subtext\">\n\t\t\t\t\t\t\t\t\t\t Derni\u00e8res nouvelles \t\t\t\t\t<span class=\"pxl-item--subdivider\"><\/span>\n\t\t\t\t<\/span>\n\t\t\t<\/div>\n\t\t\n\t\t<h3 class=\"pxl-item--title\" data-wow-delay=\"ms\">\n\t\t\t\t\t\t\tConnectez-vous avec nous pour faire l'exp\u00e9rience \t\t\n\t\t\t\t\n\t\t<\/h3>\n\n\t\t\n\t\t\n\t\t\t\t\t\t\t\t\t<\/div>\n\t<\/div>\t\t\t\t<\/div>\n\t\t\t\t<\/div>\n\t\t\t\t<div class=\"elementor-element elementor-element-db374a3 elementor-widget elementor-widget-pxl_heading\" data-id=\"db374a3\" data-element_type=\"widget\" data-e-type=\"widget\" data-widget_type=\"pxl_heading.default\">\n\t\t\t\t<div class=\"elementor-widget-container\">\n\t\t\t\t\t<div id=\"pxl-pxl_heading-db374a3-6477\" class=\"pxl-heading px-sub-title-default-style\">\n\t<div class=\"pxl-heading--inner\">\n\t\t\n\t\t\n\t\t<h3 class=\"pxl-item--title\" data-wow-delay=\"ms\">\n\t\t\t\t\t\t\tles meilleures solutions informatiques \t\t\n\t\t\t\t\n\t\t<\/h3>\n\n\t\t\n\t\t\n\t\t\t\t\t\t\t\t\t<\/div>\n\t<\/div>\t\t\t\t<\/div>\n\t\t\t\t<\/div>\n\t\t\t\t<div class=\"elementor-element elementor-element-6eb3b3f post-layout-post-1 elementor-widget elementor-widget-pxl_post_carousel\" data-id=\"6eb3b3f\" data-element_type=\"widget\" data-e-type=\"widget\" data-widget_type=\"pxl_post_carousel.default\">\n\t\t\t\t<div class=\"elementor-widget-container\">\n\t\t\t\t\t\n    <div class=\"pxl-swiper-sliders pxl-post-carousel pxl-post-carousel1 pxl-swiper-boxshadow\">\n        <div class=\"pxl-carousel-inner\">\n            <div class=\"pxl-swiper-container\" dir=\"ltr\" data-settings=\"{&quot;slide_direction&quot;:&quot;horizontal&quot;,&quot;slide_percolumn&quot;:&quot;1&quot;,&quot;slide_percolumnfill&quot;:&quot;1&quot;,&quot;slide_mode&quot;:&quot;slide&quot;,&quot;slides_to_show&quot;:&quot;3&quot;,&quot;slides_to_show_xxl&quot;:&quot;3&quot;,&quot;slides_to_show_lg&quot;:&quot;3&quot;,&quot;slides_to_show_md&quot;:&quot;3&quot;,&quot;slides_to_show_sm&quot;:2,&quot;slides_to_show_xs&quot;:1,&quot;slides_to_scroll&quot;:2,&quot;slides_gutter&quot;:30,&quot;arrow&quot;:true,&quot;pagination&quot;:true,&quot;pagination_type&quot;:&quot;bullets&quot;,&quot;autoplay&quot;:true,&quot;pause_on_hover&quot;:true,&quot;pause_on_interaction&quot;:&quot;true&quot;,&quot;delay&quot;:5000,&quot;loop&quot;:&quot;true&quot;,&quot;speed&quot;:500,&quot;ltr&quot;:false}\">\n                <div class=\"pxl-swiper-wrapper\">\n                                                <div class=\"pxl-swiper-slide\">\n                                <div class=\"pxl-item--inner\" data-wow-duration=\"1.2s\">\n                                                                            <div class=\"pxl-feature pxl-item--featured\">\n                                            <a class=\"link-thumbnail\" href=\"https:\/\/uniteambuilder.com\/fr\/ai-discover-marketing\/\">\n                                                <img fetchpriority=\"high\" decoding=\"async\" class=\"\" src=\"https:\/\/uniteambuilder.com\/wp-content\/uploads\/2024\/05\/post-4-600x400.webp\" width=\"600\" height=\"400\" alt=\"post-4\" title=\"post-4\" \/>                                            <\/a>\n                                                                                            <div class=\"pxl-item--date\">\n                                                    <span class=\"item-day\">4<\/span>\n                                                    <span class=\"item-month\">F\u00e9v<\/span>\n                                                <\/div>\n                                                                                    <\/div>\n                                                                        <div class=\"pxl-item--holder\">\n                                        <div class=\"pxl-meta-content\">\n                                            <ul class=\"pxl-item--meta pxl-empty\">\n                                                                                                    <li class=\"pxl-item--author\">\n                                                        <a href=\"https:\/\/uniteambuilder.com\/fr\/author\/admin\/\">\n                                                            <i class=\"sandaicon-user\"><\/i>\n                                                            <span>Par<\/span>l'administration                                                        <\/a>\n                                                    <\/li>\n                                                                                                                                                    <li class=\"item--category\">\n                                                        <i class=\"sandaicon-open-folder\"><\/i>\n                                                        <a href=\"https:\/\/uniteambuilder.com\/fr\/category\/business-plan\/\" rel=\"tag\">Plan d'entreprise<\/a>                                                    <\/li>\n                                                                                            <\/ul>\n                                            <h3 class=\"pxl-item--title\"><a href=\"https:\/\/uniteambuilder.com\/fr\/ai-discover-marketing\/\">D\u00e9couvrez comment l'IA ouvre la voie au marketing<\/a><\/h3>\n                                                                                            <div class=\"pxl-item--content\">\n                                                    Des entilateurs seront pr\u00e9lev\u00e9s dans certains h\u00f4pitaux new-yorkais et redistribu\u00e9s dans les r\u00e9gions les plus touch\u00e9es de...                                                <\/div>\n                                                                                    <\/div>\n                                        <div class=\"pxl-meta-buttom\">\n                                                                                            <div class=\"pxl-item--readmore\">\n                                                    <a class=\"btn-showmore\" href=\"https:\/\/uniteambuilder.com\/fr\/ai-discover-marketing\/\">\n                                                        <span>En savoir plus<\/span>\n                                                        <i class=\"sandaicon sandaicon-long-arrow-right-three\"><\/i>\n                                                    <\/a>\n                                                <\/div>\n                                                                                                                                        <div class=\"item--comment\">\n                                                    <a href=\"https:\/\/uniteambuilder.com\/fr\/ai-discover-marketing\/\">\n                                                        <i class=\"sandaicon-comment\"><\/i>\n                                                        0                                                    <\/a>\n                                                <\/div>\n                                                                                    <\/div>\n                                    <\/div>\n                                <\/div>\n                            <\/div>\n                                                                        <div class=\"pxl-swiper-slide\">\n                                <div class=\"pxl-item--inner\" data-wow-duration=\"1.2s\">\n                                                                            <div class=\"pxl-feature pxl-item--featured\">\n                                            <a class=\"link-thumbnail\" href=\"https:\/\/uniteambuilder.com\/fr\/ai-marketnig-trends\/\">\n                                                <img decoding=\"async\" class=\"\" src=\"https:\/\/uniteambuilder.com\/wp-content\/uploads\/2024\/05\/post-5-600x400.webp\" width=\"600\" height=\"400\" alt=\"post-5\" title=\"post-5\" \/>                                            <\/a>\n                                                                                            <div class=\"pxl-item--date\">\n                                                    <span class=\"item-day\">1<\/span>\n                                                    <span class=\"item-month\">F\u00e9v<\/span>\n                                                <\/div>\n                                                                                    <\/div>\n                                                                        <div class=\"pxl-item--holder\">\n                                        <div class=\"pxl-meta-content\">\n                                            <ul class=\"pxl-item--meta pxl-empty\">\n                                                                                                    <li class=\"pxl-item--author\">\n                                                        <a href=\"https:\/\/uniteambuilder.com\/fr\/author\/admin\/\">\n                                                            <i class=\"sandaicon-user\"><\/i>\n                                                            <span>Par<\/span>l'administration                                                        <\/a>\n                                                    <\/li>\n                                                                                                                                                    <li class=\"item--category\">\n                                                        <i class=\"sandaicon-open-folder\"><\/i>\n                                                        <a href=\"https:\/\/uniteambuilder.com\/fr\/category\/social-media\/\" rel=\"tag\">M\u00e9dias sociaux<\/a>                                                    <\/li>\n                                                                                            <\/ul>\n                                            <h3 class=\"pxl-item--title\"><a href=\"https:\/\/uniteambuilder.com\/fr\/ai-marketnig-trends\/\">Les tendances du marketing montrent que l'IA est l\u00e0 pour durer<\/a><\/h3>\n                                                                                            <div class=\"pxl-item--content\">\n                                                    Des entilateurs seront pr\u00e9lev\u00e9s dans certains h\u00f4pitaux new-yorkais et redistribu\u00e9s dans les r\u00e9gions les plus touch\u00e9es de...                                                <\/div>\n                                                                                    <\/div>\n                                        <div class=\"pxl-meta-buttom\">\n                                                                                            <div class=\"pxl-item--readmore\">\n                                                    <a class=\"btn-showmore\" href=\"https:\/\/uniteambuilder.com\/fr\/ai-marketnig-trends\/\">\n                                                        <span>En savoir plus<\/span>\n                                                        <i class=\"sandaicon sandaicon-long-arrow-right-three\"><\/i>\n                                                    <\/a>\n                                                <\/div>\n                                                                                                                                        <div class=\"item--comment\">\n                                                    <a href=\"https:\/\/uniteambuilder.com\/fr\/ai-marketnig-trends\/\">\n                                                        <i class=\"sandaicon-comment\"><\/i>\n                                                        0                                                    <\/a>\n                                                <\/div>\n                                                                                    <\/div>\n                                    <\/div>\n                                <\/div>\n                            <\/div>\n                                                                        <div class=\"pxl-swiper-slide\">\n                                <div class=\"pxl-item--inner\" data-wow-duration=\"1.2s\">\n                                                                            <div class=\"pxl-feature pxl-item--featured\">\n                                            <a class=\"link-thumbnail\" href=\"https:\/\/uniteambuilder.com\/fr\/ai-tech-results\/\">\n                                                <img decoding=\"async\" class=\"\" src=\"https:\/\/uniteambuilder.com\/wp-content\/uploads\/2024\/05\/post-6-600x400.webp\" width=\"600\" height=\"400\" alt=\"post-6\" title=\"post-6\" \/>                                            <\/a>\n                                                                                            <div class=\"pxl-item--date\">\n                                                    <span class=\"item-day\">21<\/span>\n                                                    <span class=\"item-month\">Jan<\/span>\n                                                <\/div>\n                                                                                    <\/div>\n                                                                        <div class=\"pxl-item--holder\">\n                                        <div class=\"pxl-meta-content\">\n                                            <ul class=\"pxl-item--meta pxl-empty\">\n                                                                                                    <li class=\"pxl-item--author\">\n                                                        <a href=\"https:\/\/uniteambuilder.com\/fr\/author\/admin\/\">\n                                                            <i class=\"sandaicon-user\"><\/i>\n                                                            <span>Par<\/span>l'administration                                                        <\/a>\n                                                    <\/li>\n                                                                                                                                                    <li class=\"item--category\">\n                                                        <i class=\"sandaicon-open-folder\"><\/i>\n                                                        <a href=\"https:\/\/uniteambuilder.com\/fr\/category\/social-media\/\" rel=\"tag\">M\u00e9dias sociaux<\/a>                                                    <\/li>\n                                                                                            <\/ul>\n                                            <h3 class=\"pxl-item--title\"><a href=\"https:\/\/uniteambuilder.com\/fr\/ai-tech-results\/\">Ai Technologies obtient des r\u00e9sultats massifs<\/a><\/h3>\n                                                                                            <div class=\"pxl-item--content\">\n                                                    Des entilateurs seront pr\u00e9lev\u00e9s dans certains h\u00f4pitaux new-yorkais et redistribu\u00e9s dans les r\u00e9gions les plus touch\u00e9es de...                                                <\/div>\n                                                                                    <\/div>\n                                        <div class=\"pxl-meta-buttom\">\n                                                                                            <div class=\"pxl-item--readmore\">\n                                                    <a class=\"btn-showmore\" href=\"https:\/\/uniteambuilder.com\/fr\/ai-tech-results\/\">\n                                                        <span>En savoir plus<\/span>\n                                                        <i class=\"sandaicon sandaicon-long-arrow-right-three\"><\/i>\n                                                    <\/a>\n                                                <\/div>\n                                                                                                                                        <div class=\"item--comment\">\n                                                    <a href=\"https:\/\/uniteambuilder.com\/fr\/ai-tech-results\/\">\n                                                        <i class=\"sandaicon-comment\"><\/i>\n                                                        0                                                    <\/a>\n                                                <\/div>\n                                                                                    <\/div>\n                                    <\/div>\n                                <\/div>\n                            <\/div>\n                                                                        <div class=\"pxl-swiper-slide\">\n                                <div class=\"pxl-item--inner\" data-wow-duration=\"1.2s\">\n                                                                            <div class=\"pxl-feature pxl-item--featured\">\n                                            <a class=\"link-thumbnail\" href=\"https:\/\/uniteambuilder.com\/fr\/ai-videos-future\/\">\n                                                <img loading=\"lazy\" decoding=\"async\" class=\"\" src=\"https:\/\/uniteambuilder.com\/wp-content\/uploads\/2024\/05\/post-7-600x400.webp\" width=\"600\" height=\"400\" alt=\"post-7\" title=\"post-7\" \/>                                            <\/a>\n                                                                                            <div class=\"pxl-item--date\">\n                                                    <span class=\"item-day\">11<\/span>\n                                                    <span class=\"item-month\">Jan<\/span>\n                                                <\/div>\n                                                                                    <\/div>\n                                                                        <div class=\"pxl-item--holder\">\n                                        <div class=\"pxl-meta-content\">\n                                            <ul class=\"pxl-item--meta pxl-empty\">\n                                                                                                    <li class=\"pxl-item--author\">\n                                                        <a href=\"https:\/\/uniteambuilder.com\/fr\/author\/admin\/\">\n                                                            <i class=\"sandaicon-user\"><\/i>\n                                                            <span>Par<\/span>l'administration                                                        <\/a>\n                                                    <\/li>\n                                                                                                                                                    <li class=\"item--category\">\n                                                        <i class=\"sandaicon-open-folder\"><\/i>\n                                                        <a href=\"https:\/\/uniteambuilder.com\/fr\/category\/digital-marketing\/\" rel=\"tag\">Marketing num\u00e9rique<\/a>                                                    <\/li>\n                                                                                            <\/ul>\n                                            <h3 class=\"pxl-item--title\"><a href=\"https:\/\/uniteambuilder.com\/fr\/ai-videos-future\/\">Les vid\u00e9os en ligne sont l'avenir du commerce en ligne<\/a><\/h3>\n                                                                                            <div class=\"pxl-item--content\">\n                                                    Des entilateurs seront pr\u00e9lev\u00e9s dans certains h\u00f4pitaux new-yorkais et redistribu\u00e9s dans les r\u00e9gions les plus touch\u00e9es de...                                                <\/div>\n                                                                                    <\/div>\n                                        <div class=\"pxl-meta-buttom\">\n                                                                                            <div class=\"pxl-item--readmore\">\n                                                    <a class=\"btn-showmore\" href=\"https:\/\/uniteambuilder.com\/fr\/ai-videos-future\/\">\n                                                        <span>En savoir plus<\/span>\n                                                        <i class=\"sandaicon sandaicon-long-arrow-right-three\"><\/i>\n                                                    <\/a>\n                                                <\/div>\n                                                                                                                                        <div class=\"item--comment\">\n                                                    <a href=\"https:\/\/uniteambuilder.com\/fr\/ai-videos-future\/\">\n                                                        <i class=\"sandaicon-comment\"><\/i>\n                                                        0                                                    <\/a>\n                                                <\/div>\n                                                                                    <\/div>\n                                    <\/div>\n                                <\/div>\n                            <\/div>\n                                                            <\/div> \n            <\/div>\n                                        <div class=\"pxl-swiper-dots\"><\/div>\n                    <\/div>\n    <\/div>\n\t\t\t\t<\/div>\n\t\t\t\t<\/div>\n\t\t            <\/div>\r\n        <\/div>\r\n        \t\t\t<\/div>\n\t\t<\/section>\n\t\t\t\t<\/div>","protected":false},"excerpt":{"rendered":"<p>Latest News Connect with us for experiencing the best IT Solutions 11 May Byadmin Digital Marketing Actionable insights for your business Entilators will be taken from certain New York hospitals and redistributed to the worst-hit parts of&hellip; Read More 0 11 May Byadmin Social Media Drive More Traffic Your Website with Our SEO Entilators will [&hellip;]<\/p>\n","protected":false},"author":1,"featured_media":0,"parent":0,"menu_order":0,"comment_status":"closed","ping_status":"closed","template":"","meta":{"footnotes":""},"class_list":["post-424","page","type-page","status-publish","hentry"],"_links":{"self":[{"href":"https:\/\/uniteambuilder.com\/fr\/wp-json\/wp\/v2\/pages\/424","targetHints":{"allow":["GET"]}}],"collection":[{"href":"https:\/\/uniteambuilder.com\/fr\/wp-json\/wp\/v2\/pages"}],"about":[{"href":"https:\/\/uniteambuilder.com\/fr\/wp-json\/wp\/v2\/types\/page"}],"author":[{"embeddable":true,"href":"https:\/\/uniteambuilder.com\/fr\/wp-json\/wp\/v2\/users\/1"}],"replies":[{"embeddable":true,"href":"https:\/\/uniteambuilder.com\/fr\/wp-json\/wp\/v2\/comments?post=424"}],"version-history":[{"count":0,"href":"https:\/\/uniteambuilder.com\/fr\/wp-json\/wp\/v2\/pages\/424\/revisions"}],"wp:attachment":[{"href":"https:\/\/uniteambuilder.com\/fr\/wp-json\/wp\/v2\/media?parent=424"}],"curies":[{"name":"wp","href":"https:\/\/api.w.org\/{rel}","templated":true}]}}