{"id":23376,"date":"2026-03-03T18:22:40","date_gmt":"2026-03-03T18:22:40","guid":{"rendered":"https:\/\/uniteambuilder.com\/?page_id=23376"},"modified":"2026-03-03T18:22:43","modified_gmt":"2026-03-03T18:22:43","slug":"refunds","status":"publish","type":"page","link":"https:\/\/uniteambuilder.com\/fr\/refunds\/","title":{"rendered":"Remboursements"},"content":{"rendered":"<p>Politique d'annulation et de remboursement<\/p>\n\n\n\n<p>Tous les membres de Uniteambuiler.com doivent payer un droit d'inscription unique et une cotisation mensuelle pour maintenir leur adh\u00e9sion et avoir les droits et l'acc\u00e8s \u00e0 tous les produits, services et mat\u00e9riels de formation. Tous les membres reconnaissent que la carte de cr\u00e9dit qu'ils ont dans leur dossier continuera \u00e0 \u00eatre factur\u00e9e chaque mois jusqu'\u00e0 ce que le membre annule son adh\u00e9sion \u00e0 Uniteambuiler.com. Il n'y a pas d'engagement \u00e0 long terme ou de d\u00e9lai dans lequel un membre doit rester actif en payant sa cotisation mensuelle. Les membres peuvent annuler leur adh\u00e9sion \u00e0 tout moment et pour n'importe quelle raison en se connectant \u00e0 leurs membres en ligne Uniteambuiler.com et en cliquant sur le lien Informations sur l'utilisateur et la facturation o\u00f9 ils doivent suivre le lien R\u00e9silier l'adh\u00e9sion pour annuler leur adh\u00e9sion ou en contactant le service client\u00e8le. Aucune commission ne peut \u00eatre per\u00e7ue par les membres inactifs. Uniteambuiler.com applique une politique de remboursement\/annulation de 3 jours 100%. Vous devez annuler votre adh\u00e9sion dans les 3 jours suivant votre passage au statut de membre pour pouvoir b\u00e9n\u00e9ficier d'un remboursement. Apr\u00e8s 3 jours d'adh\u00e9sion, aucun remboursement partiel ou total ne sera effectu\u00e9. La m\u00eame politique de trois jours s'applique au paiement de l'abonnement mensuel. Vous pouvez annuler votre abonnement dans les 3 jours suivant le dernier pr\u00e9l\u00e8vement et b\u00e9n\u00e9ficier d'un remboursement de la cotisation mensuelle uniquement. Pass\u00e9 ce d\u00e9lai, aucun remboursement, partiel ou total, n'est effectu\u00e9. Les remboursements ne sont accord\u00e9s que si la condition d'\u00e9ligibilit\u00e9 de 3 jours est remplie et si le remboursement est demand\u00e9. Pour demander un remboursement, vous devez envoyer un email \u00e0 support@Uniteambuiler.com en indiquant votre nom d'utilisateur ou votre num\u00e9ro d'identification Uniteambuiler.com.<\/p>","protected":false},"excerpt":{"rendered":"<p>Cancellation and Refund Policy All Uniteambuiler.com members must pay a one time sign up fee and a monthly membership fee to maintain their membership and have rights and access to all products, services, and training materials. All members recognize that the credit card they have on file will continue to be billed every month until [&hellip;]<\/p>\n","protected":false},"author":1,"featured_media":0,"parent":0,"menu_order":0,"comment_status":"closed","ping_status":"closed","template":"","meta":{"footnotes":""},"class_list":["post-23376","page","type-page","status-publish","hentry"],"_links":{"self":[{"href":"https:\/\/uniteambuilder.com\/fr\/wp-json\/wp\/v2\/pages\/23376","targetHints":{"allow":["GET"]}}],"collection":[{"href":"https:\/\/uniteambuilder.com\/fr\/wp-json\/wp\/v2\/pages"}],"about":[{"href":"https:\/\/uniteambuilder.com\/fr\/wp-json\/wp\/v2\/types\/page"}],"author":[{"embeddable":true,"href":"https:\/\/uniteambuilder.com\/fr\/wp-json\/wp\/v2\/users\/1"}],"replies":[{"embeddable":true,"href":"https:\/\/uniteambuilder.com\/fr\/wp-json\/wp\/v2\/comments?post=23376"}],"version-history":[{"count":1,"href":"https:\/\/uniteambuilder.com\/fr\/wp-json\/wp\/v2\/pages\/23376\/revisions"}],"predecessor-version":[{"id":23377,"href":"https:\/\/uniteambuilder.com\/fr\/wp-json\/wp\/v2\/pages\/23376\/revisions\/23377"}],"wp:attachment":[{"href":"https:\/\/uniteambuilder.com\/fr\/wp-json\/wp\/v2\/media?parent=23376"}],"curies":[{"name":"wp","href":"https:\/\/api.w.org\/{rel}","templated":true}]}}