{"id":15328,"date":"2024-05-29T15:12:37","date_gmt":"2024-05-29T15:12:37","guid":{"rendered":"https:\/\/demo.sandamedia.net\/sotech\/project-grid-copy\/"},"modified":"2024-05-29T15:12:37","modified_gmt":"2024-05-29T15:12:37","slug":"project-masonry","status":"publish","type":"page","link":"https:\/\/uniteambuilder.com\/fr\/project-masonry\/","title":{"rendered":"Ma\u00e7onnerie de projet"},"content":{"rendered":"<div data-elementor-type=\"wp-page\" data-elementor-id=\"15328\" class=\"elementor elementor-15328\">\n\t\t\t\t        <section class=\"elementor-section elementor-top-section elementor-element elementor-element-e861d70 elementor-section-boxed elementor-section-height-default elementor-section-height-default pxl-type-header-none pxl-row-scroll-none\" data-id=\"e861d70\" data-element_type=\"section\" data-e-type=\"section\">\n\n                \n                <div class=\"elementor-container elementor-column-gap-extended\">\n                <div class=\"elementor-column elementor-col-100 elementor-top-column elementor-element elementor-element-bdc6c6f pxl-column-element-default pxl-column-none pxl-column-overflow-hidden-no\" data-id=\"bdc6c6f\" data-element_type=\"column\" data-e-type=\"column\">\r\n                    <div class=\"elementor-widget-wrap elementor-element-populated\">\r\n        \t\t<div class=\"elementor-element elementor-element-9425df0 pxl-post-layout-portfolio-2 elementor-widget elementor-widget-pxl_post_grid\" data-id=\"9425df0\" data-element_type=\"widget\" data-e-type=\"widget\" data-widget_type=\"pxl_post_grid.default\">\n\t\t\t\t<div class=\"elementor-widget-container\">\n\t\t\t\t\t\n<div id=\"pxl_post_grid-9425df0-3111\" class=\"pxl-grid pxl-portfolio-grid pxl-portfolio-grid2\" data-layout=\"masonry\" data-start-page=\"1\" data-max-pages=\"1\" data-total=\"4\" data-perpage=\"9\" data-next-link=\"\">\n        <div class=\"pxl-grid-inner pxl-grid-masonry row relative\" data-gutter=\"15\">\n                    <div class=\"pxl-grid-item col-xl-4 col-lg-4 col-md-6 col-sm-6 col-12 professional-content\">\n                <div class=\"pxl-item--inner\" data-wow-duration=\"1.2s\">\n                                            <div class=\"item--featured\">\n                            <img fetchpriority=\"high\" decoding=\"async\" class=\"no-lazyload\" src=\"https:\/\/uniteambuilder.com\/wp-content\/uploads\/2024\/05\/image-16-600x450.webp\" width=\"600\" height=\"450\" alt=\"image-16\" title=\"image-16\" \/>                            <a class=\"btn-link\" href=\"https:\/\/uniteambuilder.com\/fr\/portfolio\/video-presentations\/\">\n                                <i class=\"sandaicon sandaicon-long-arrow-right\"><\/i>\n                            <\/a>\n                        <\/div>\n                        <div class=\"item--meta\">\n                            <h3 class=\"pxl-item--title\">\n                                <a href=\"https:\/\/uniteambuilder.com\/fr\/portfolio\/video-presentations\/\">\n                                    Vid\u00e9os professionnelles                                <\/a>\n                            <\/h3>\n                                                            <div class=\"item--category\">\n                                    <a href=\"https:\/\/uniteambuilder.com\/fr\/portfolio-category\/professional-content\/\" rel=\"tag\">Contenu professionnel<\/a>                                <\/div>\n                                                    <\/div>\n                                    <\/div>\n            <\/div>\n                    <div class=\"pxl-grid-item col-xl-4 col-lg-4 col-md-6 col-sm-6 col-12 viral-marketing\">\n                <div class=\"pxl-item--inner\" data-wow-duration=\"1.2s\">\n                                            <div class=\"item--featured\">\n                            <img decoding=\"async\" class=\"no-lazyload\" src=\"https:\/\/uniteambuilder.com\/wp-content\/uploads\/2023\/09\/portfolio-4-600x650.webp\" width=\"600\" height=\"650\" alt=\"portfolio-4\" title=\"portefeuille-4\" \/>                            <a class=\"btn-link\" href=\"https:\/\/uniteambuilder.com\/fr\/portfolio\/social-sharing\/\">\n                                <i class=\"sandaicon sandaicon-long-arrow-right\"><\/i>\n                            <\/a>\n                        <\/div>\n                        <div class=\"item--meta\">\n                            <h3 class=\"pxl-item--title\">\n                                <a href=\"https:\/\/uniteambuilder.com\/fr\/portfolio\/social-sharing\/\">\n                                    Outils de partage social                                <\/a>\n                            <\/h3>\n                                                            <div class=\"item--category\">\n                                    <a href=\"https:\/\/uniteambuilder.com\/fr\/portfolio-category\/viral-marketing\/\" rel=\"tag\">Marketing viral<\/a>                                <\/div>\n                                                    <\/div>\n                                    <\/div>\n            <\/div>\n                    <div class=\"pxl-grid-item col-xl-4 col-lg-4 col-md-6 col-sm-6 col-12 home-making\">\n                <div class=\"pxl-item--inner\" data-wow-duration=\"1.2s\">\n                                            <div class=\"item--featured\">\n                            <img decoding=\"async\" class=\"no-lazyload\" src=\"https:\/\/uniteambuilder.com\/wp-content\/uploads\/2024\/05\/service-1-600x450.webp\" width=\"600\" height=\"450\" alt=\"service-1\" title=\"service-1\" \/>                            <a class=\"btn-link\" href=\"https:\/\/uniteambuilder.com\/fr\/portfolio\/marketnig-strategies\/\">\n                                <i class=\"sandaicon sandaicon-long-arrow-right\"><\/i>\n                            <\/a>\n                        <\/div>\n                        <div class=\"item--meta\">\n                            <h3 class=\"pxl-item--title\">\n                                <a href=\"https:\/\/uniteambuilder.com\/fr\/portfolio\/marketnig-strategies\/\">\n                                    Strat\u00e9gies de vente \u00e9prouv\u00e9es                                <\/a>\n                            <\/h3>\n                                                            <div class=\"item--category\">\n                                    <a href=\"https:\/\/uniteambuilder.com\/fr\/portfolio-category\/home-making\/\" rel=\"tag\">Straegies \u00e9prouv\u00e9es<\/a>                                <\/div>\n                                                    <\/div>\n                                    <\/div>\n            <\/div>\n                    <div class=\"pxl-grid-item col-xl-4 col-lg-4 col-md-6 col-sm-6 col-12 ai-tech-s\">\n                <div class=\"pxl-item--inner\" data-wow-duration=\"1.2s\">\n                                            <div class=\"item--featured\">\n                            <img loading=\"lazy\" decoding=\"async\" class=\"no-lazyload\" src=\"https:\/\/uniteambuilder.com\/wp-content\/uploads\/2024\/05\/image-12-600x700.webp\" width=\"600\" height=\"700\" alt=\"image-12\" title=\"image-12\" \/>                            <a class=\"btn-link\" href=\"https:\/\/uniteambuilder.com\/fr\/portfolio\/ai-tech\/\">\n                                <i class=\"sandaicon sandaicon-long-arrow-right\"><\/i>\n                            <\/a>\n                        <\/div>\n                        <div class=\"item--meta\">\n                            <h3 class=\"pxl-item--title\">\n                                <a href=\"https:\/\/uniteambuilder.com\/fr\/portfolio\/ai-tech\/\">\n                                    AI Marketing Tech                                <\/a>\n                            <\/h3>\n                                                            <div class=\"item--category\">\n                                    <a href=\"https:\/\/uniteambuilder.com\/fr\/portfolio-category\/ai-tech-s\/\" rel=\"tag\">Technologie de l'IA<\/a>                                <\/div>\n                                                    <\/div>\n                                    <\/div>\n            <\/div>\n                <div class=\"grid-sizer col-xl-4 col-lg-4 col-md-4 col-sm-6 col-12\"><\/div>\n    <\/div>\n        <\/div>\t\t\t\t<\/div>\n\t\t\t\t<\/div>\n\t\t            <\/div>\r\n        <\/div>\r\n        \t\t\t<\/div>\n\t\t<\/section>\n\t\t\t\t<\/div>","protected":false},"excerpt":{"rendered":"<p>Product Engineering Home making Equipment Training Data Science Dominate Online Home making Greatest Strategy Seo Marketing Innovation Technology Home making Data Visualization Data Science Data Management Home making Property Simplified Home making PropertInternal Networking Home making<\/p>","protected":false},"author":1,"featured_media":0,"parent":0,"menu_order":0,"comment_status":"closed","ping_status":"closed","template":"","meta":{"footnotes":""},"class_list":["post-15328","page","type-page","status-publish","hentry"],"_links":{"self":[{"href":"https:\/\/uniteambuilder.com\/fr\/wp-json\/wp\/v2\/pages\/15328","targetHints":{"allow":["GET"]}}],"collection":[{"href":"https:\/\/uniteambuilder.com\/fr\/wp-json\/wp\/v2\/pages"}],"about":[{"href":"https:\/\/uniteambuilder.com\/fr\/wp-json\/wp\/v2\/types\/page"}],"author":[{"embeddable":true,"href":"https:\/\/uniteambuilder.com\/fr\/wp-json\/wp\/v2\/users\/1"}],"replies":[{"embeddable":true,"href":"https:\/\/uniteambuilder.com\/fr\/wp-json\/wp\/v2\/comments?post=15328"}],"version-history":[{"count":0,"href":"https:\/\/uniteambuilder.com\/fr\/wp-json\/wp\/v2\/pages\/15328\/revisions"}],"wp:attachment":[{"href":"https:\/\/uniteambuilder.com\/fr\/wp-json\/wp\/v2\/media?parent=15328"}],"curies":[{"name":"wp","href":"https:\/\/api.w.org\/{rel}","templated":true}]}}