{"id":23376,"date":"2026-03-03T18:22:40","date_gmt":"2026-03-03T18:22:40","guid":{"rendered":"https:\/\/uniteambuilder.com\/?page_id=23376"},"modified":"2026-03-03T18:22:43","modified_gmt":"2026-03-03T18:22:43","slug":"refunds","status":"publish","type":"page","link":"https:\/\/uniteambuilder.com\/de\/refunds\/","title":{"rendered":"Erstattungen"},"content":{"rendered":"<p>Stornierung und R\u00fcckerstattung<\/p>\n\n\n\n<p>Alle Mitglieder von Uniteambuiler.com m\u00fcssen eine einmalige Anmeldegeb\u00fchr und einen monatlichen Mitgliedsbeitrag zahlen, um ihre Mitgliedschaft aufrechtzuerhalten und Rechte und Zugang zu allen Produkten, Dienstleistungen und Schulungsmaterialien zu haben. Alle Mitglieder erkennen an, dass die bei ihnen hinterlegte Kreditkarte weiterhin jeden Monat belastet wird, bis das Mitglied seine Mitgliedschaft bei Uniteambuiler.com k\u00fcndigt. Es gibt keine langfristige Verpflichtung oder einen Zeitrahmen, in dem ein Mitglied weiterhin aktiv bleiben muss, indem es seine monatliche Mitgliedsgeb\u00fchr bezahlt. Mitglieder k\u00f6nnen ihre Mitgliedschaft jederzeit und ohne Angabe von Gr\u00fcnden k\u00fcndigen, indem sie sich bei ihren Uniteambuiler.com-Onlinemitgliedern anmelden und auf den Link Benutzer- und Rechnungsinformationen klicken, wo sie dem Link Mitgliedschaft k\u00fcndigen folgen m\u00fcssen, um ihre Mitgliedschaft zu k\u00fcndigen, oder indem sie den Kundendienst kontaktieren. Inaktive Mitglieder k\u00f6nnen keine Provisionen erhalten. Uniteambuiler.com hat eine 3-t\u00e4gige 100% R\u00fcckerstattungs-\/Stornierungspolitik. Sie m\u00fcssen Ihre Mitgliedschaft innerhalb von 3 Tagen nach dem Upgrade zum Mitglied k\u00fcndigen, um eine R\u00fcckerstattung zu erhalten. Nachdem Sie 3 Tage lang Mitglied waren, werden keine R\u00fcckerstattungen mehr gew\u00e4hrt, weder teilweise noch vollst\u00e4ndig. Die gleiche 3-Tage-Regelung gilt f\u00fcr die monatliche Zahlung der Mitgliedschaft. Sie k\u00f6nnen Ihr Abonnement innerhalb von 3 Tagen nach der letzten Abbuchung k\u00fcndigen und haben nur Anspruch auf eine R\u00fcckerstattung des Mitgliedsbeitrags f\u00fcr diesen Monat. Nach Ablauf der 3 Tage werden keine R\u00fcckerstattungen mehr gew\u00e4hrt, weder teilweise noch vollst\u00e4ndig. R\u00fcckerstattungen werden nur gew\u00e4hrt, wenn die 3-Tage-Frist eingehalten und die R\u00fcckerstattung beantragt wird. Um eine R\u00fcckerstattung zu beantragen, m\u00fcssen Sie eine E-Mail an support@Uniteambuiler.com senden und Ihren Uniteambuiler.com-Benutzernamen oder Ihre ID-Nummer angeben.<\/p>","protected":false},"excerpt":{"rendered":"<p>Cancellation and Refund Policy All Uniteambuiler.com members must pay a one time sign up fee and a monthly membership fee to maintain their membership and have rights and access to all products, services, and training materials. All members recognize that the credit card they have on file will continue to be billed every month until [&hellip;]<\/p>\n","protected":false},"author":1,"featured_media":0,"parent":0,"menu_order":0,"comment_status":"closed","ping_status":"closed","template":"","meta":{"footnotes":""},"class_list":["post-23376","page","type-page","status-publish","hentry"],"_links":{"self":[{"href":"https:\/\/uniteambuilder.com\/de\/wp-json\/wp\/v2\/pages\/23376","targetHints":{"allow":["GET"]}}],"collection":[{"href":"https:\/\/uniteambuilder.com\/de\/wp-json\/wp\/v2\/pages"}],"about":[{"href":"https:\/\/uniteambuilder.com\/de\/wp-json\/wp\/v2\/types\/page"}],"author":[{"embeddable":true,"href":"https:\/\/uniteambuilder.com\/de\/wp-json\/wp\/v2\/users\/1"}],"replies":[{"embeddable":true,"href":"https:\/\/uniteambuilder.com\/de\/wp-json\/wp\/v2\/comments?post=23376"}],"version-history":[{"count":1,"href":"https:\/\/uniteambuilder.com\/de\/wp-json\/wp\/v2\/pages\/23376\/revisions"}],"predecessor-version":[{"id":23377,"href":"https:\/\/uniteambuilder.com\/de\/wp-json\/wp\/v2\/pages\/23376\/revisions\/23377"}],"wp:attachment":[{"href":"https:\/\/uniteambuilder.com\/de\/wp-json\/wp\/v2\/media?parent=23376"}],"curies":[{"name":"wp","href":"https:\/\/api.w.org\/{rel}","templated":true}]}}