{"id":23367,"date":"2026-03-03T18:06:01","date_gmt":"2026-03-03T18:06:01","guid":{"rendered":"https:\/\/uniteambuilder.com\/?page_id=23367"},"modified":"2026-03-03T18:09:40","modified_gmt":"2026-03-03T18:09:40","slug":"terms","status":"publish","type":"page","link":"https:\/\/uniteambuilder.com\/de\/terms\/","title":{"rendered":"Bedingungen"},"content":{"rendered":"<h2 class=\"wp-block-heading\">Bedingungen und Konditionen<\/h2>\n\n\n\n<p>Die hierin enthaltenen Richtlinien und Verfahren von Uniteambuilder.com wurden erstellt, um die Rechte und Pflichten von Uniteambuilder.com und seinen unabh\u00e4ngigen Vertretern zu erkl\u00e4ren und zu definieren. Jeder unabh\u00e4ngige Vertreter stimmt vorbehaltlos allen hierin enthaltenen Bestimmungen und Bedingungen zu und h\u00e4lt Uniteambuilder.com von jeglicher Haftung frei, die sich aus dieser Vereinbarung zwischen dem unabh\u00e4ngigen Vertreter und Uniteambuilder.com ergeben kann.<\/p>\n\n\n\n<p>Stornierung und R\u00fcckerstattung<\/p>\n\n\n\n<p>Alle Uniteambuilder.com-Mitglieder m\u00fcssen eine einmalige Anmeldegeb\u00fchr und eine monatliche Mitgliedsgeb\u00fchr zahlen, um ihre Mitgliedschaft aufrechtzuerhalten und Rechte und Zugang zu allen Produkten, Dienstleistungen und Schulungsmaterialien zu haben. Alle Mitglieder erkennen an, dass die bei ihnen hinterlegte Kreditkarte weiterhin jeden Monat belastet wird, bis das Mitglied seine Mitgliedschaft bei Uniteambuilder.com k\u00fcndigt. Es gibt keine langfristige Verpflichtung oder einen Zeitrahmen, in dem ein Mitglied weiterhin aktiv bleiben muss, indem es seine monatliche Mitgliedsgeb\u00fchr bezahlt.  Mitglieder k\u00f6nnen ihre Mitgliedschaft jederzeit und ohne Angabe von Gr\u00fcnden k\u00fcndigen, indem sie sich bei ihren Uniteambuilder.com-Onlinemitgliedern anmelden und auf den Link Benutzer- und Rechnungsinformationen klicken, wo sie dem Link Mitgliedschaft k\u00fcndigen folgen m\u00fcssen, um ihre Mitgliedschaft zu k\u00fcndigen, oder indem sie den Kundendienst kontaktieren.  F\u00fcr inaktive Mitglieder k\u00f6nnen keine Provisionen verdient werden. Uniteambuilder.com hat eine 3-t\u00e4gige 100% R\u00fcckerstattungs-\/K\u00fcndigungspolitik.  Sie m\u00fcssen Ihre Mitgliedschaft innerhalb von 3 Tagen nach der H\u00f6herstufung zum Mitglied k\u00fcndigen, um Anspruch auf eine R\u00fcckerstattung zu haben.  Nachdem Sie 3 Tage lang Mitglied waren, werden keine R\u00fcckerstattungen mehr gew\u00e4hrt, weder teilweise noch vollst\u00e4ndig. Die gleiche 3-Tage-Regelung gilt f\u00fcr die monatliche Zahlung der Mitgliedschaft.  Sie k\u00f6nnen Ihr Abonnement innerhalb von 3 Tagen nach der letzten Abbuchung k\u00fcndigen und haben nur Anspruch auf eine R\u00fcckerstattung des Mitgliedsbeitrags f\u00fcr diesen Monat.  Nach Ablauf der 3 Tage werden keine R\u00fcckerstattungen mehr gew\u00e4hrt, weder teilweise noch vollst\u00e4ndig. R\u00fcckerstattungen werden nur gew\u00e4hrt, wenn die 3-Tage-Frist eingehalten und die R\u00fcckerstattung beantragt wird.  Um eine R\u00fcckerstattung zu beantragen, m\u00fcssen Sie eine E-Mail an support@uniteambuilder.com senden und Ihren Uniteambuilder.com-Benutzernamen oder Ihre ID-Nummer angeben.<\/p>\n\n\n\n<p>Anti-Spam-Politik<\/p>\n\n\n\n<p>Um unsere Mitglieder zu sch\u00fctzen und das langfristige Wachstum und den Erfolg von Uniteambuilder.com zu gew\u00e4hrleisten, h\u00e4lt Uniteambuilder.com eine NULL-Toleranz-Politik gegen\u00fcber dem Versand von Spam-E-Mails aufrecht. Spam-E-Mail ist definiert als unerw\u00fcnschte kommerzielle E-Mail (UCE). F\u00fcr den Fall, dass Sie Spam-E-Mails an Personen ohne deren Zustimmung senden, riskieren Sie die sofortige L\u00f6schung Ihres Kontos und den Verlust aller Kontakte in diesem Konto. Als Mitglied von Uniteambuilder.com verstehen Sie, dass Uniteambuilder.com das Versenden von unerw\u00fcnschten oder Spam-E-Mails durch seine Mitglieder weder duldet noch toleriert. Sie verstehen und erkennen an, dass: Es ist ILLEGAL, Kopfzeilen von E-Mails zu f\u00e4lschen, und es ist ILLEGAL, es zu vers\u00e4umen, einen g\u00fcltigen, funktionalen Abmeldelink zusammen mit einer g\u00fcltigen Postadresse in jede versandte E-Mail aufzunehmen. Jeder, der dabei erwischt wird, Kopfzeilen zu f\u00e4lschen oder keinen g\u00fcltigen funktionalen Abmeldelink einzubauen, wird sofort und dauerhaft von Uniteambuilder.com ausgeschlossen.  Uniteambuilder.com verbietet allen Mitgliedern au\u00dferdem, den Namen oder die Adresse der Website in den von ihnen versendeten E-Mails anzugeben. Mitglieder sind verpflichtet, einen Umleitungslink zu verwenden, wenn sie potenzielle Kunden auf ihre Landing Page weiterleiten. Wir verlangen au\u00dferdem von allen Mitgliedern, dass sie ihre Liste der E-Mail-Adressen, die zu einer Beschwerde gef\u00fchrt haben, herunterladen und dauerhaft aus ihrer Datenbank entfernen. Diese Liste finden Sie unter dem Link Spam Policy\" im Mitgliederbereich der Uniteambuilder.com-Website. Wenn wir eine Beschwerde von der gleichen E-Mail-Adresse wie eine fr\u00fchere Beschwerde von einer E-Mail erhalten, die mehr als eine Woche nach der urspr\u00fcnglichen Beschwerde gesendet wurde, hat Uniteambuilder.com das Recht, Ihre Mitgliedschaft zu beenden. Sie sind allein f\u00fcr die in Ihrem Namen gesendete Post verantwortlich. Uniteambuilder.com wird Ihre Mitgliedschaft sofort k\u00fcndigen und alle zuk\u00fcnftigen Provisionen f\u00fcr die Verletzung dieser Spam-Richtlinien aussetzen.   Uniteambuilder.com beh\u00e4lt sich das Recht vor, rechtliche Schritte gegen jedes Mitglied einzuleiten, das gegen diese Spam-Richtlinien verst\u00f6\u00dft.   Sie haben keinen Anspruch auf eine R\u00fcckerstattung, wenn Sie wegen eines Versto\u00dfes gegen die Uniteambuilder.com-Spam-Richtlinie gek\u00fcndigt werden.<\/p>\n\n\n\n<p>Produkt- und Ertragspolitik<\/p>\n\n\n\n<p>Uniteambuilder.com monatliche Mitgliedsbeitrag ist f\u00fcr den vollen Zugang zu den Schulungsprodukten und Bildungsmaterial von Uniteambuilder.com und es ist Trainer zur Verf\u00fcgung gestellt zu zahlen.  Alle aktiven Mitglieder k\u00f6nnen auch in der Uniteambuilder.com Verg\u00fctungsprogramm teilnehmen, wie auf der Pay Plan Seite der Website beschrieben. Provisionen werden wie auf der Seite \u201cVerg\u00fctungsplan\u201d der Website beschrieben gezahlt.  Alle Mitglieder verstehen, BEVOR sie ihren Mitgliedsbeitrag zahlen, dass es KEINE GARANTIERTEN VERDIENSTE gibt.  Die Mitglieder verstehen, dass die Powerline-Genealogie nicht den Verdienst widerspiegelt, sondern eine Darstellung des Unternehmenswachstums ist und nichts in Bezug auf Provisionen bedeutet. Mitglieder sollten sich nicht mit der Erwartung an Uniteambuilder.com beteiligen, Einkommen zu erzielen, ohne neue Mitglieder zu werben.  Weder Uniteambuilder.com, noch seine Mitglieder k\u00f6nnen \"Spillover\" oder Verdienste garantieren, indem sie einfach Mitglied werden.  Uniteambuilder.com-Mitglieder kaufen Schulungsprodukte, um sich in den auf den Produkt- und Einkommensstromseiten beschriebenen Branchen weiterzubilden.  Mitglieder sollten sich nicht an Uniteambuilder.com beteiligen, wenn sie nicht vorhaben, die Schulungsprodukte zu nutzen, oder wenn sie nicht vorhaben, die Gelegenheit mit anderen zu teilen. Die meisten Mitglieder verdienen im Rahmen des Verg\u00fctungsprogramms jeden Monat weniger Geld, als sie f\u00fcr die Aufrechterhaltung ihrer Mitgliedschaft bei Uniteambuilder.com bezahlen.  Obwohl es m\u00f6glich ist, sollten die Mitglieder von Uniteambuilder.com NICHT erwarten, dass sie einen Gewinn erzielen, nur weil sie Mitglied werden, da es h\u00f6chst unwahrscheinlich ist, dass dies geschieht. Uniteambuilder.com kann nicht garantieren, dass Mitglieder durch die Anwendung der bereitgestellten Schulungsmaterialien einen Gewinn erzielen.  Die Produkte sind nur f\u00fcr Bildungszwecke gedacht. Kein Mitglied sollte Geld ausgeben, das es sich nicht leisten kann zu verlieren, um Mitglied zu werden und seine Mitgliedschaft bei Uniteambuilder.com aufrechtzuerhalten.  Es ist m\u00f6glich, dass Sie als Mitglied von Uniteambuilder.com KEIN Einkommen erzielen werden. Alle Mitglieder, die in den Vereinigten Staaten leben, m\u00fcssen ihre Steuer-ID und\/oder ihre Sozialversicherungsnummer angeben, wenn ihre Provisionen $600 f\u00fcr ein Kalenderjahr \u00fcberschreiten.  Wenn Sie dies nicht tun, kann dies zu einem Steuerr\u00fcckbehalt oder einer K\u00fcndigung f\u00fchren.<\/p>\n\n\n\n<p>Politik der Einhaltung<\/p>\n\n\n\n<p>Uniteambuilder.com kann die Bedingungen f\u00fcr die Mitgliedschaft, Produkte, Dienstleistungen und Entsch\u00e4digungen jederzeit und ohne Angabe von Gr\u00fcnden \u00e4ndern, erg\u00e4nzen oder aufheben.  Uniteambuilder.com beh\u00e4lt sich das Recht vor, ein Mitglied jederzeit zu k\u00fcndigen, wenn es gegen eine unserer Richtlinien verst\u00f6\u00dft, unabh\u00e4ngig vom Verschulden. Alle Streitigkeiten und Anspr\u00fcche in Bezug auf Uniteambuilder.com, diese Vereinbarung, den Uniteambuilder.com-Verg\u00fctungsplan oder seine Produkte, die Rechte und Pflichten eines Vertreters und Uniteambuilder.com oder andere Anspr\u00fcche oder Klagegr\u00fcnde in Bezug auf die Leistung eines Vertreters oder Uniteambuilder.com im Rahmen der Vereinbarung oder der Regeln und Vorschriften und\/oder den Kauf von Produkten durch einen Vertreter werden vollst\u00e4ndig und endg\u00fcltig im Bundesstaat Texas oder an einem anderen von Uniteambuilder.com vorgeschriebenen Ort entschieden. Uniteambuilder.com und seine verbundenen Unternehmen, leitenden Angestellten, Direktoren, Mitarbeiter und anderen Vertreter sind nicht haftbar f\u00fcr, und der Vertreter entbindet die Vorgenannten hiermit von und verzichtet auf jegliche Anspr\u00fcche auf entgangenen Gewinn, beil\u00e4ufige, besondere, Folge- oder exemplarische Sch\u00e4den, die sich aus jeglichen Anspr\u00fcchen in Bezug auf die Leistung, Nichterf\u00fcllung, Handlung oder Unterlassung von Uniteambuilder.com in Bezug auf die Gesch\u00e4ftsbeziehung oder andere Angelegenheiten zwischen dem Vertreter und Uniteambuilder.com ergeben k\u00f6nnen, unabh\u00e4ngig davon, ob diese auf einem Vertrag, einer unerlaubten Handlung oder einer verschuldensunabh\u00e4ngigen Haftung beruhen.<\/p>","protected":false},"excerpt":{"rendered":"<p>Terms And Conditions The Policies and Procedures of Uniteambuilder.com contained herein were established to explain and define the rights and responsibilities of Uniteambuilder.com and its Independent Representatives. Each Independent Representative agrees, without reservation, to all the terms and conditions contained herein and holds Uniteambuilder.com free from any and all liability that may result from this [&hellip;]<\/p>\n","protected":false},"author":1,"featured_media":0,"parent":0,"menu_order":0,"comment_status":"closed","ping_status":"closed","template":"","meta":{"footnotes":""},"class_list":["post-23367","page","type-page","status-publish","hentry"],"_links":{"self":[{"href":"https:\/\/uniteambuilder.com\/de\/wp-json\/wp\/v2\/pages\/23367","targetHints":{"allow":["GET"]}}],"collection":[{"href":"https:\/\/uniteambuilder.com\/de\/wp-json\/wp\/v2\/pages"}],"about":[{"href":"https:\/\/uniteambuilder.com\/de\/wp-json\/wp\/v2\/types\/page"}],"author":[{"embeddable":true,"href":"https:\/\/uniteambuilder.com\/de\/wp-json\/wp\/v2\/users\/1"}],"replies":[{"embeddable":true,"href":"https:\/\/uniteambuilder.com\/de\/wp-json\/wp\/v2\/comments?post=23367"}],"version-history":[{"count":3,"href":"https:\/\/uniteambuilder.com\/de\/wp-json\/wp\/v2\/pages\/23367\/revisions"}],"predecessor-version":[{"id":23371,"href":"https:\/\/uniteambuilder.com\/de\/wp-json\/wp\/v2\/pages\/23367\/revisions\/23371"}],"wp:attachment":[{"href":"https:\/\/uniteambuilder.com\/de\/wp-json\/wp\/v2\/media?parent=23367"}],"curies":[{"name":"wp","href":"https:\/\/api.w.org\/{rel}","templated":true}]}}